{"id":15793,"date":"2024-06-10T14:47:17","date_gmt":"2024-06-10T12:47:17","guid":{"rendered":"https:\/\/logindoc.info\/wordpress\/?page_id=15793"},"modified":"2024-06-27T16:52:36","modified_gmt":"2024-06-27T14:52:36","slug":"elementor-15793","status":"publish","type":"page","link":"https:\/\/logindoc.info\/wordpress\/elementor-15793\/","title":{"rendered":"Demande de d\u00e9monstration offre SIRH"},"content":{"rendered":"\t\t<div data-elementor-type=\"wp-page\" data-elementor-id=\"15793\" class=\"elementor elementor-15793\">\n\t\t\t\t<div class=\"elementor-element elementor-element-0c9aeb1 e-con-full e-flex e-con e-parent\" data-id=\"0c9aeb1\" data-element_type=\"container\" data-e-type=\"container\" data-settings=\"{&quot;background_background&quot;:&quot;classic&quot;}\">\n\t\t\t\t<div class=\"elementor-element elementor-element-a0be3f6 elementor-widget__width-inherit elementor-widget elementor-widget-heading\" data-id=\"a0be3f6\" data-element_type=\"widget\" data-e-type=\"widget\" data-widget_type=\"heading.default\">\n\t\t\t\t<div class=\"elementor-widget-container\">\n\t\t\t\t\t<h2 class=\"elementor-heading-title elementor-size-default\">DEMANDE DE D\u00c9MONSTRATION OFFRE SIRH<\/h2>\t\t\t\t<\/div>\n\t\t\t\t<\/div>\n\t\t\t\t<\/div>\n\t\t<div class=\"elementor-element elementor-element-91e6571 e-flex e-con-boxed e-con e-parent\" data-id=\"91e6571\" data-element_type=\"container\" data-e-type=\"container\">\n\t\t\t\t\t<div class=\"e-con-inner\">\n\t\t\t\t<div class=\"elementor-element elementor-element-7dc0a45 elementor-widget elementor-widget-spacer\" data-id=\"7dc0a45\" data-element_type=\"widget\" data-e-type=\"widget\" data-widget_type=\"spacer.default\">\n\t\t\t\t<div class=\"elementor-widget-container\">\n\t\t\t\t\t\t\t<div class=\"elementor-spacer\">\n\t\t\t<div class=\"elementor-spacer-inner\"><\/div>\n\t\t<\/div>\n\t\t\t\t\t\t<\/div>\n\t\t\t\t<\/div>\n\t\t\t\t\t<\/div>\n\t\t\t\t<\/div>\n\t\t<div class=\"elementor-element elementor-element-45e19fc e-flex e-con-boxed e-con e-parent\" data-id=\"45e19fc\" data-element_type=\"container\" data-e-type=\"container\">\n\t\t\t\t\t<div class=\"e-con-inner\">\n\t\t\t\t<div class=\"elementor-element elementor-element-c73eca2 elementor-widget-mobile__width-initial elementor-widget elementor-widget-text-editor\" data-id=\"c73eca2\" data-element_type=\"widget\" data-e-type=\"widget\" data-widget_type=\"text-editor.default\">\n\t\t\t\t<div class=\"elementor-widget-container\">\n\t\t\t\t\t\t\t\t\t<p><span style=\"vertical-align: inherit;\"><span style=\"vertical-align: inherit;\"><span style=\"vertical-align: inherit;\"><span style=\"vertical-align: inherit;\"><span style=\"vertical-align: inherit;\"><span style=\"vertical-align: inherit;\"><span style=\"vertical-align: inherit;\"><span style=\"vertical-align: inherit;\">Veuillez renseigner les informations ci-dessous afin que nous puissions vous recontacter.<\/span><\/span><\/span><\/span><\/span><\/span><\/span><\/span><\/p>\t\t\t\t\t\t\t\t<\/div>\n\t\t\t\t<\/div>\n\t\t\t\t\t<\/div>\n\t\t\t\t<\/div>\n\t\t<div class=\"elementor-element elementor-element-84bb183 e-con-full e-flex e-con e-parent\" data-id=\"84bb183\" data-element_type=\"container\" data-e-type=\"container\">\n\t\t\t\t<div class=\"elementor-element elementor-element-6e2a2d1 elementor-widget__width-initial elementor-widget-mobile__width-initial elementor-widget elementor-widget-formidable\" data-id=\"6e2a2d1\" data-element_type=\"widget\" data-e-type=\"widget\" data-widget_type=\"formidable.default\">\n\t\t\t\t<div class=\"elementor-widget-container\">\n\t\t\t\t\t<div class=\"frm_forms  with_frm_style frm_style_style-formidable\" id=\"frm_form_4_container\" data-token=\"142ef55fc2414e710f5c00c2793d15e1\">\n<form enctype=\"multipart\/form-data\" method=\"post\" class=\"frm-show-form \" id=\"form_demande-demonstration-sirh\" data-token=\"142ef55fc2414e710f5c00c2793d15e1\">\n<div class=\"frm_form_fields \">\n<fieldset>\n<legend class=\"frm_screen_reader\">Demande de d\u00e9monstration SIRH<\/legend>\r\n\r\n<div class=\"frm_fields_container\">\n<input type=\"hidden\" name=\"frm_action\" value=\"create\" \/>\n<input type=\"hidden\" name=\"form_id\" value=\"4\" \/>\n<input type=\"hidden\" name=\"frm_hide_fields_4\" id=\"frm_hide_fields_4\" value=\"\" \/>\n<input type=\"hidden\" name=\"form_key\" value=\"demande-demonstration-sirh\" \/>\n<input type=\"hidden\" name=\"item_meta[0]\" value=\"\" \/>\n<input type=\"hidden\" id=\"frm_submit_entry_4\" name=\"frm_submit_entry_4\" value=\"8096ad9a7e\" \/><input type=\"hidden\" name=\"_wp_http_referer\" value=\"\/wordpress\/wp-json\/wp\/v2\/pages\/15793\" \/><div id=\"frm_field_19_container\" class=\"frm_form_field form-field  frm_required_field frm_top_container frm6 frm_first\">\r\n    <label for=\"field_1kfu1\" id=\"field_1kfu1_label\" class=\"frm_primary_label\">Pr\u00e9nom\r\n        <span class=\"frm_required\" aria-hidden=\"true\">*<\/span>\r\n    <\/label>\r\n    <input type=\"text\" id=\"field_1kfu1\" name=\"item_meta[19]\" value=\"\"  data-reqmsg=\"Pr\u00e9nom ne peut pas \u00eatre vide.\" aria-required=\"true\" data-invmsg=\"texte est non valide\" aria-invalid=\"false\"  \/>\r\n    \r\n    \r\n<\/div>\n<div id=\"frm_field_20_container\" class=\"frm_form_field form-field  frm_required_field frm_top_container frm6\">\r\n    <label for=\"field_7zw5h\" id=\"field_7zw5h_label\" class=\"frm_primary_label\">Nom\r\n        <span class=\"frm_required\" aria-hidden=\"true\">*<\/span>\r\n    <\/label>\r\n    <input type=\"text\" id=\"field_7zw5h\" name=\"item_meta[20]\" value=\"\"  data-reqmsg=\"Nom ne peut pas \u00eatre vide.\" aria-required=\"true\" data-invmsg=\"texte est non valide\" aria-invalid=\"false\"  \/>\r\n    \r\n    \r\n<\/div>\n<div id=\"frm_field_21_container\" class=\"frm_form_field form-field  frm_top_container\">\r\n    <label for=\"field_r9365\" id=\"field_r9365_label\" class=\"frm_primary_label\">Raison sociale\r\n        <span class=\"frm_required\" aria-hidden=\"true\"><\/span>\r\n    <\/label>\r\n    <input type=\"text\" id=\"field_r9365\" name=\"item_meta[21]\" value=\"\"  data-invmsg=\"texte est non valide\" aria-invalid=\"false\"  \/>\r\n    \r\n    \r\n<\/div>\n<div id=\"frm_field_22_container\" class=\"frm_form_field form-field  frm_required_field frm_top_container frm6 frm_first\">\r\n    <label for=\"field_y6g7c\" id=\"field_y6g7c_label\" class=\"frm_primary_label\">Email\r\n        <span class=\"frm_required\" aria-hidden=\"true\">*<\/span>\r\n    <\/label>\r\n    <input type=\"text\" id=\"field_y6g7c\" name=\"item_meta[22]\" value=\"\"  data-reqmsg=\"Email ne peut pas \u00eatre vide.\" aria-required=\"true\" data-invmsg=\"texte est non valide\" aria-invalid=\"false\"  \/>\r\n    \r\n    \r\n<\/div>\n<div id=\"frm_field_23_container\" class=\"frm_form_field form-field  frm_required_field frm_top_container frm6\">\r\n    <label for=\"field_48f4v\" id=\"field_48f4v_label\" class=\"frm_primary_label\">T\u00e9l\u00e9phone\r\n        <span class=\"frm_required\" aria-hidden=\"true\">*<\/span>\r\n    <\/label>\r\n    <input type=\"text\" id=\"field_48f4v\" name=\"item_meta[23]\" value=\"\"  data-reqmsg=\"T\u00e9l\u00e9phone ne peut pas \u00eatre vide.\" aria-required=\"true\" data-invmsg=\"texte est non valide\" aria-invalid=\"false\"  \/>\r\n    \r\n    \r\n<\/div>\n<div id=\"frm_field_24_container\" class=\"frm_form_field form-field  frm_top_container frm6 frm_first\">\r\n    <label for=\"field_olbqz\" id=\"field_olbqz_label\" class=\"frm_primary_label\">Fonction\r\n        <span class=\"frm_required\" aria-hidden=\"true\"><\/span>\r\n    <\/label>\r\n    <input type=\"text\" id=\"field_olbqz\" name=\"item_meta[24]\" value=\"\"  data-invmsg=\"texte est non valide\" aria-invalid=\"false\"  \/>\r\n    \r\n    \r\n<\/div>\n<div id=\"frm_field_25_container\" class=\"frm_form_field form-field  frm_top_container frm6\">\r\n    <label for=\"field_n7615\" id=\"field_n7615_label\" class=\"frm_primary_label\">Secteur d'activit\u00e9\r\n        <span class=\"frm_required\" aria-hidden=\"true\"><\/span>\r\n    <\/label>\r\n    <input type=\"text\" id=\"field_n7615\" name=\"item_meta[25]\" value=\"\"  data-invmsg=\"texte est non valide\" aria-invalid=\"false\"  \/>\r\n    \r\n    \r\n<\/div>\n<div id=\"frm_field_26_container\" class=\"frm_form_field form-field  frm_required_field frm_top_container vertical_radio\">\r\n    <div  id=\"field_uhvpq_label\" class=\"frm_primary_label\">Veuillez cocher les cases correspondantes au domaine qui vous int\u00e9resse :\r\n        <span class=\"frm_required\" aria-hidden=\"true\">*<\/span>\r\n    <\/div>\r\n    <div class=\"frm_opt_container\" aria-labelledby=\"field_uhvpq_label\" role=\"group\">\t\t<div class=\"frm_checkbox\" id=\"frm_checkbox_26-0\">\t\t\t<label  for=\"field_uhvpq-0\">\n\t\t\t<input type=\"checkbox\" name=\"item_meta[26][]\" id=\"field_uhvpq-0\" value=\"Recrutement et Onboarding\"  data-reqmsg=\"Ce champ ne peut pas \u00eatre vide\" data-invmsg=\"Veuillez cocher les cases correspondantes au domaine qui vous int\u00e9resse : est non valide\"   aria-required=\"true\"  \/> Recrutement et Onboarding<\/label><\/div>\n\t\t<div class=\"frm_checkbox\" id=\"frm_checkbox_26-1\">\t\t\t<label  for=\"field_uhvpq-1\">\n\t\t\t<input type=\"checkbox\" name=\"item_meta[26][]\" id=\"field_uhvpq-1\" value=\"Administration du personnel\"  data-reqmsg=\"Ce champ ne peut pas \u00eatre vide\" data-invmsg=\"Veuillez cocher les cases correspondantes au domaine qui vous int\u00e9resse : est non valide\"   \/> Administration du personnel<\/label><\/div>\n\t\t<div class=\"frm_checkbox\" id=\"frm_checkbox_26-2\">\t\t\t<label  for=\"field_uhvpq-2\">\n\t\t\t<input type=\"checkbox\" name=\"item_meta[26][]\" id=\"field_uhvpq-2\" value=\"Gestion des entretiens et des talents\"  data-reqmsg=\"Ce champ ne peut pas \u00eatre vide\" data-invmsg=\"Veuillez cocher les cases correspondantes au domaine qui vous int\u00e9resse : est non valide\"   \/> Gestion des entretiens et des talents<\/label><\/div>\n\t\t<div class=\"frm_checkbox\" id=\"frm_checkbox_26-3\">\t\t\t<label  for=\"field_uhvpq-3\">\n\t\t\t<input type=\"checkbox\" name=\"item_meta[26][]\" id=\"field_uhvpq-3\" value=\"Gestion des r\u00e9mun\u00e9rations\"  data-reqmsg=\"Ce champ ne peut pas \u00eatre vide\" data-invmsg=\"Veuillez cocher les cases correspondantes au domaine qui vous int\u00e9resse : est non valide\"   \/> Gestion des r\u00e9mun\u00e9rations<\/label><\/div>\n\t\t<div class=\"frm_checkbox\" id=\"frm_checkbox_26-4\">\t\t\t<label  for=\"field_uhvpq-4\">\n\t\t\t<input type=\"checkbox\" name=\"item_meta[26][]\" id=\"field_uhvpq-4\" value=\"Offboarding et gestion de la fin de contrat\"  data-reqmsg=\"Ce champ ne peut pas \u00eatre vide\" data-invmsg=\"Veuillez cocher les cases correspondantes au domaine qui vous int\u00e9resse : est non valide\"   \/> Offboarding et gestion de la fin de contrat<\/label><\/div>\n\t\t<div class=\"frm_checkbox\" id=\"frm_checkbox_26-5\">\t\t\t<label  for=\"field_uhvpq-5\">\n\t\t\t<input type=\"checkbox\" name=\"item_meta[26][]\" id=\"field_uhvpq-5\" value=\"Gestion des temps\"  data-reqmsg=\"Ce champ ne peut pas \u00eatre vide\" data-invmsg=\"Veuillez cocher les cases correspondantes au domaine qui vous int\u00e9resse : est non valide\"   \/> Gestion des temps<\/label><\/div>\n\t\t<div class=\"frm_checkbox\" id=\"frm_checkbox_26-6\">\t\t\t<label  for=\"field_uhvpq-6\">\n\t\t\t<input type=\"checkbox\" name=\"item_meta[26][]\" id=\"field_uhvpq-6\" value=\"Gestion des partenaires sociaux\"  data-reqmsg=\"Ce champ ne peut pas \u00eatre vide\" data-invmsg=\"Veuillez cocher les cases correspondantes au domaine qui vous int\u00e9resse : est non valide\"   \/> Gestion des partenaires sociaux<\/label><\/div>\n\t\t<div class=\"frm_checkbox\" id=\"frm_checkbox_26-7\">\t\t\t<label  for=\"field_uhvpq-7\">\n\t\t\t<input type=\"checkbox\" name=\"item_meta[26][]\" id=\"field_uhvpq-7\" value=\"Gestion documentaire\"  data-reqmsg=\"Ce champ ne peut pas \u00eatre vide\" data-invmsg=\"Veuillez cocher les cases correspondantes au domaine qui vous int\u00e9resse : est non valide\"   \/> Gestion documentaire<\/label><\/div>\n\t\t<div class=\"frm_checkbox\" id=\"frm_checkbox_26-8\">\t\t\t<label  for=\"field_uhvpq-8\">\n\t\t\t<input type=\"checkbox\" name=\"item_meta[26][]\" id=\"field_uhvpq-8\" value=\"Exploitation des donn\u00e9es\"  data-reqmsg=\"Ce champ ne peut pas \u00eatre vide\" data-invmsg=\"Veuillez cocher les cases correspondantes au domaine qui vous int\u00e9resse : est non valide\"   \/> Exploitation des donn\u00e9es<\/label><\/div>\n\t\t<div class=\"frm_checkbox\" id=\"frm_checkbox_26-9\">\t\t\t<label  for=\"field_uhvpq-9\">\n\t\t\t<input type=\"checkbox\" name=\"item_meta[26][]\" id=\"field_uhvpq-9\" value=\"Gestion des notes de frais\"  data-reqmsg=\"Ce champ ne peut pas \u00eatre vide\" data-invmsg=\"Veuillez cocher les cases correspondantes au domaine qui vous int\u00e9resse : est non valide\"   \/> Gestion des notes de frais<\/label><\/div>\n\t\t<div class=\"frm_checkbox\" id=\"frm_checkbox_26-10\">\t\t\t<label  for=\"field_uhvpq-10\">\n\t\t\t<input type=\"checkbox\" name=\"item_meta[26][]\" id=\"field_uhvpq-10\" value=\"Gestion des restaurations\"  data-reqmsg=\"Ce champ ne peut pas \u00eatre vide\" data-invmsg=\"Veuillez cocher les cases correspondantes au domaine qui vous int\u00e9resse : est non valide\"   \/> Gestion des restaurations<\/label><\/div>\n\t\t<div class=\"frm_checkbox\" id=\"frm_checkbox_26-11\">\t\t\t<label  for=\"field_uhvpq-11\">\n\t\t\t<input type=\"checkbox\" name=\"item_meta[26][]\" id=\"field_uhvpq-11\" value=\"Gestion du parc automobile\"  data-reqmsg=\"Ce champ ne peut pas \u00eatre vide\" data-invmsg=\"Veuillez cocher les cases correspondantes au domaine qui vous int\u00e9resse : est non valide\"   \/> Gestion du parc automobile<\/label><\/div>\n<\/div>\r\n    \r\n    \r\n<\/div>\n<div id=\"frm_field_30_container\" class=\"frm_form_field form-field  frm_top_container\">\r\n    <label for=\"field_z19op\" id=\"field_z19op_label\" class=\"frm_primary_label\">Votre besoin ou projet\r\n        <span class=\"frm_required\" aria-hidden=\"true\"><\/span>\r\n    <\/label>\r\n    <textarea name=\"item_meta[30]\" id=\"field_z19op\" rows=\"8\"  data-invmsg=\"Votre besoin ou projet est non valide\" aria-invalid=\"false\"  ><\/textarea>\r\n    \r\n    \r\n<\/div>\n<div id=\"frm_field_45_container\" class=\"frm_form_field form-field \">\n\t<div class=\"frm_submit frm_flex\">\r\n<button class=\"frm_button_submit\" type=\"submit\"  >Envoyer<\/button>\r\n\r\n\r\n\r\n<\/div>\n<\/div>\n\t<input type=\"hidden\" name=\"item_key\" value=\"\" \/>\n\t\t\t<div id=\"frm_field_47_container\">\n\t\t\t<label for=\"field_ue2zu\" >\n\t\t\t\tSi vous \u00eates un humain, ne remplissez pas ce champ.\t\t\t<\/label>\n\t\t\t<input  id=\"field_ue2zu\" type=\"text\" class=\"frm_form_field form-field frm_verify\" name=\"item_meta[47]\" value=\"\"  \/>\n\t\t<\/div>\n\t\t<input name=\"frm_state\" type=\"hidden\" value=\"Nck4GFNr7aXzMwC1fHHGToQcM8VRUvuDJsEe9n3qzjs=\" \/><\/div>\n<\/fieldset>\n<\/div>\n\n<\/form>\n<\/div>\n\t\t\t\t<\/div>\n\t\t\t\t<\/div>\n\t\t\t\t<\/div>\n\t\t\t\t<\/div>\n\t\t","protected":false},"excerpt":{"rendered":"<p>DEMANDE DE D\u00c9MONSTRATION OFFRE SIRH Veuillez renseigner les informations ci-dessous afin que nous puissions vous recontacter. Demande de d\u00e9monstration SIRH Pr\u00e9nom * Nom * Raison sociale Email * T\u00e9l\u00e9phone * Fonction Secteur d&#8217;activit\u00e9 Veuillez cocher les cases correspondantes au domaine qui vous int\u00e9resse : * Recrutement et Onboarding Administration du personnel Gestion des entretiens et [&hellip;]<\/p>\n","protected":false},"author":2,"featured_media":0,"parent":0,"menu_order":0,"comment_status":"closed","ping_status":"closed","template":"","meta":{"ocean_post_layout":"","ocean_both_sidebars_style":"","ocean_both_sidebars_content_width":0,"ocean_both_sidebars_sidebars_width":0,"ocean_sidebar":"","ocean_second_sidebar":"","ocean_disable_margins":"enable","ocean_add_body_class":"","ocean_shortcode_before_top_bar":"","ocean_shortcode_after_top_bar":"","ocean_shortcode_before_header":"","ocean_shortcode_after_header":"","ocean_has_shortcode":"","ocean_shortcode_after_title":"","ocean_shortcode_before_footer_widgets":"","ocean_shortcode_after_footer_widgets":"","ocean_shortcode_before_footer_bottom":"","ocean_shortcode_after_footer_bottom":"","ocean_display_top_bar":"default","ocean_display_header":"default","ocean_header_style":"","ocean_center_header_left_menu":"","ocean_custom_header_template":"","ocean_custom_logo":0,"ocean_custom_retina_logo":0,"ocean_custom_logo_max_width":0,"ocean_custom_logo_tablet_max_width":0,"ocean_custom_logo_mobile_max_width":0,"ocean_custom_logo_max_height":0,"ocean_custom_logo_tablet_max_height":0,"ocean_custom_logo_mobile_max_height":0,"ocean_header_custom_menu":"","ocean_menu_typo_font_family":"","ocean_menu_typo_font_subset":"","ocean_menu_typo_font_size":0,"ocean_menu_typo_font_size_tablet":0,"ocean_menu_typo_font_size_mobile":0,"ocean_menu_typo_font_size_unit":"px","ocean_menu_typo_font_weight":"","ocean_menu_typo_font_weight_tablet":"","ocean_menu_typo_font_weight_mobile":"","ocean_menu_typo_transform":"","ocean_menu_typo_transform_tablet":"","ocean_menu_typo_transform_mobile":"","ocean_menu_typo_line_height":0,"ocean_menu_typo_line_height_tablet":0,"ocean_menu_typo_line_height_mobile":0,"ocean_menu_typo_line_height_unit":"","ocean_menu_typo_spacing":0,"ocean_menu_typo_spacing_tablet":0,"ocean_menu_typo_spacing_mobile":0,"ocean_menu_typo_spacing_unit":"","ocean_menu_link_color":"","ocean_menu_link_color_hover":"","ocean_menu_link_color_active":"","ocean_menu_link_background":"","ocean_menu_link_hover_background":"","ocean_menu_link_active_background":"","ocean_menu_social_links_bg":"","ocean_menu_social_hover_links_bg":"","ocean_menu_social_links_color":"","ocean_menu_social_hover_links_color":"","ocean_disable_title":"default","ocean_disable_heading":"default","ocean_post_title":"","ocean_post_subheading":"","ocean_post_title_style":"","ocean_post_title_background_color":"","ocean_post_title_background":0,"ocean_post_title_bg_image_position":"","ocean_post_title_bg_image_attachment":"","ocean_post_title_bg_image_repeat":"","ocean_post_title_bg_image_size":"","ocean_post_title_height":0,"ocean_post_title_bg_overlay":0.5,"ocean_post_title_bg_overlay_color":"","ocean_disable_breadcrumbs":"default","ocean_breadcrumbs_color":"","ocean_breadcrumbs_separator_color":"","ocean_breadcrumbs_links_color":"","ocean_breadcrumbs_links_hover_color":"","ocean_display_footer_widgets":"default","ocean_display_footer_bottom":"default","ocean_custom_footer_template":"","iawp_total_views":18,"footnotes":""},"class_list":["post-15793","page","type-page","status-publish","hentry","entry"],"_links":{"self":[{"href":"https:\/\/logindoc.info\/wordpress\/wp-json\/wp\/v2\/pages\/15793","targetHints":{"allow":["GET"]}}],"collection":[{"href":"https:\/\/logindoc.info\/wordpress\/wp-json\/wp\/v2\/pages"}],"about":[{"href":"https:\/\/logindoc.info\/wordpress\/wp-json\/wp\/v2\/types\/page"}],"author":[{"embeddable":true,"href":"https:\/\/logindoc.info\/wordpress\/wp-json\/wp\/v2\/users\/2"}],"replies":[{"embeddable":true,"href":"https:\/\/logindoc.info\/wordpress\/wp-json\/wp\/v2\/comments?post=15793"}],"version-history":[{"count":23,"href":"https:\/\/logindoc.info\/wordpress\/wp-json\/wp\/v2\/pages\/15793\/revisions"}],"predecessor-version":[{"id":17305,"href":"https:\/\/logindoc.info\/wordpress\/wp-json\/wp\/v2\/pages\/15793\/revisions\/17305"}],"wp:attachment":[{"href":"https:\/\/logindoc.info\/wordpress\/wp-json\/wp\/v2\/media?parent=15793"}],"curies":[{"name":"wp","href":"https:\/\/api.w.org\/{rel}","templated":true}]}}