{"id":12251,"date":"2024-06-10T14:49:33","date_gmt":"2024-06-10T12:49:33","guid":{"rendered":"https:\/\/logindoc.info\/wordpress\/?page_id=12251"},"modified":"2024-06-10T14:49:33","modified_gmt":"2024-06-10T12:49:33","slug":"gestion-des-restaurations","status":"publish","type":"page","link":"https:\/\/logindoc.info\/wordpress\/gestion-des-restaurations\/","title":{"rendered":"Gestion des restaurations"},"content":{"rendered":"\t\t<div data-elementor-type=\"wp-page\" data-elementor-id=\"12251\" class=\"elementor elementor-12251\">\n\t\t\t\t<div class=\"elementor-element elementor-element-9f00d21 e-flex e-con-boxed e-con e-parent\" data-id=\"9f00d21\" data-element_type=\"container\" data-e-type=\"container\">\n\t\t\t\t\t<div class=\"e-con-inner\">\n\t\t\t\t<div class=\"elementor-element elementor-element-d932764 elementor-widget elementor-widget-spacer\" data-id=\"d932764\" data-element_type=\"widget\" data-e-type=\"widget\" data-widget_type=\"spacer.default\">\n\t\t\t\t<div class=\"elementor-widget-container\">\n\t\t\t\t\t\t\t<div class=\"elementor-spacer\">\n\t\t\t<div class=\"elementor-spacer-inner\"><\/div>\n\t\t<\/div>\n\t\t\t\t\t\t<\/div>\n\t\t\t\t<\/div>\n\t\t\t\t\t<\/div>\n\t\t\t\t<\/div>\n\t\t<div class=\"elementor-element elementor-element-572e22eb e-flex e-con-boxed e-con e-parent\" data-id=\"572e22eb\" data-element_type=\"container\" data-e-type=\"container\" data-settings=\"{&quot;background_background&quot;:&quot;classic&quot;}\">\n\t\t\t\t\t<div class=\"e-con-inner\">\n\t\t\t\t<div class=\"elementor-element elementor-element-64af4fe6 elementor-widget__width-inherit elementor-widget elementor-widget-heading\" data-id=\"64af4fe6\" data-element_type=\"widget\" data-e-type=\"widget\" data-widget_type=\"heading.default\">\n\t\t\t\t<div class=\"elementor-widget-container\">\n\t\t\t\t\t<h2 class=\"elementor-heading-title elementor-size-default\">Gestion des restaurations<\/h2>\t\t\t\t<\/div>\n\t\t\t\t<\/div>\n\t\t\t\t\t<\/div>\n\t\t\t\t<\/div>\n\t\t<div class=\"elementor-element elementor-element-4fe14ad9 e-con-full e-flex e-con e-parent\" data-id=\"4fe14ad9\" data-element_type=\"container\" data-e-type=\"container\">\n\t\t<div class=\"elementor-element elementor-element-73732855 e-con-full e-flex e-con e-child\" data-id=\"73732855\" data-element_type=\"container\" data-e-type=\"container\">\n\t\t\t\t<div class=\"elementor-element elementor-element-622abf5a elementor-widget__width-inherit elementor-widget elementor-widget-text-editor\" data-id=\"622abf5a\" data-element_type=\"widget\" data-e-type=\"widget\" data-widget_type=\"text-editor.default\">\n\t\t\t\t<div class=\"elementor-widget-container\">\n\t\t\t\t\t\t\t\t\t<p>Avec le d\u00e9veloppement du t\u00e9l\u00e9travail, la restauration d\u2019entreprise se diversifie, g\u00e9rez en toute simplicit\u00e9 tous les modes de restaurations en vigueur dans votre entreprise<\/p>\t\t\t\t\t\t\t\t<\/div>\n\t\t\t\t<\/div>\n\t\t\t\t<\/div>\n\t\t\t\t<\/div>\n\t\t<div class=\"elementor-element elementor-element-51639457 e-flex e-con-boxed e-con e-parent\" data-id=\"51639457\" data-element_type=\"container\" data-e-type=\"container\">\n\t\t\t\t\t<div class=\"e-con-inner\">\n\t\t\t\t<div class=\"elementor-element elementor-element-31cf789e elementor-widget elementor-widget-spacer\" data-id=\"31cf789e\" data-element_type=\"widget\" data-e-type=\"widget\" data-widget_type=\"spacer.default\">\n\t\t\t\t<div class=\"elementor-widget-container\">\n\t\t\t\t\t\t\t<div class=\"elementor-spacer\">\n\t\t\t<div class=\"elementor-spacer-inner\"><\/div>\n\t\t<\/div>\n\t\t\t\t\t\t<\/div>\n\t\t\t\t<\/div>\n\t\t\t\t\t<\/div>\n\t\t\t\t<\/div>\n\t\t<div class=\"elementor-element elementor-element-3452d74f e-flex e-con-boxed e-con e-parent\" data-id=\"3452d74f\" data-element_type=\"container\" data-e-type=\"container\">\n\t\t\t\t\t<div class=\"e-con-inner\">\n\t\t<div class=\"elementor-element elementor-element-11a6a70b e-con-full e-flex e-con e-child\" data-id=\"11a6a70b\" data-element_type=\"container\" data-e-type=\"container\">\n\t\t\t\t<div class=\"elementor-element elementor-element-4b838866 elementor-widget elementor-widget-heading\" data-id=\"4b838866\" data-element_type=\"widget\" data-e-type=\"widget\" data-widget_type=\"heading.default\">\n\t\t\t\t<div class=\"elementor-widget-container\">\n\t\t\t\t\t<h2 class=\"elementor-heading-title elementor-size-default\">La gestion des titres restaurants<\/h2>\t\t\t\t<\/div>\n\t\t\t\t<\/div>\n\t\t\t\t<div class=\"elementor-element elementor-element-3e33c8b0 elementor-widget elementor-widget-text-editor\" data-id=\"3e33c8b0\" data-element_type=\"widget\" data-e-type=\"widget\" data-widget_type=\"text-editor.default\">\n\t\t\t\t<div class=\"elementor-widget-container\">\n\t\t\t\t\t\t\t\t\t<p>Du calcul \u00e0 la commande, fiabilisez l\u2019attribution des titres restaurants \u00e0 vos salari\u00e9s<\/p>\t\t\t\t\t\t\t\t<\/div>\n\t\t\t\t<\/div>\n\t\t\t\t<div class=\"elementor-element elementor-element-392ca8da elementor-widget__width-initial elementor-widget elementor-widget-text-editor\" data-id=\"392ca8da\" data-element_type=\"widget\" data-e-type=\"widget\" data-widget_type=\"text-editor.default\">\n\t\t\t\t<div class=\"elementor-widget-container\">\n\t\t\t\t\t\t\t\t\t<p>Notre plateforme RH vous propose une gestion simplifi\u00e9e et transparente de vos titres restaurants gr\u00e2ce \u00e0\u00a0:<\/p><ul><li>Un calcul automatis\u00e9 des droits selon vos r\u00e8gles qui s\u2019appuie sur les jours travaill\u00e9s du cycle de travail, les absences et les notes de frais enregistr\u00e9es dans le module note de frais ;<\/li><li>La mise \u00e0 disposition d\u2019une synth\u00e8se mensuelle du calcul pour chaque salari\u00e9 ;<\/li><li>L\u2019\u00e9dition d\u2019un r\u00e9capitulatif global de contr\u00f4le \u00e0 l\u2019attention du service RH avant commande ;<\/li><li>La g\u00e9n\u00e9ration de fichiers de commande ou de flux automatis\u00e9s de commande selon les proc\u00e9dures en vigueur avec votre fournisseur ;<\/li><li>La transmission automatique dans les \u00e9l\u00e9ments variables de paie du nombre de titres restaurants attribu\u00e9s pour le mois.<\/li><\/ul><p><em>Une absence trait\u00e9e en retard ou annul\u00e9e ? Notre module g\u00e8re \u00e9galement la r\u00e9troactivit\u00e9 de mani\u00e8re automatis\u00e9e par gestion des trop per\u00e7us et d\u00e9duction sur la commande suivante.<\/em><\/p>\t\t\t\t\t\t\t\t<\/div>\n\t\t\t\t<\/div>\n\t\t\t\t<\/div>\n\t\t<div class=\"elementor-element elementor-element-5434ab37 e-con-full e-flex e-con e-child\" data-id=\"5434ab37\" data-element_type=\"container\" data-e-type=\"container\">\n\t\t\t\t<div class=\"elementor-element elementor-element-6e04858b elementor-widget elementor-widget-image\" data-id=\"6e04858b\" data-element_type=\"widget\" data-e-type=\"widget\" data-widget_type=\"image.default\">\n\t\t\t\t<div class=\"elementor-widget-container\">\n\t\t\t\t\t\t\t\t\t\t\t\t\t\t\t<img fetchpriority=\"high\" decoding=\"async\" width=\"1024\" height=\"537\" src=\"https:\/\/logindoc.info\/wordpress\/wp-content\/uploads\/2024\/03\/La-gestion-des-titres-restaurants-1917442511-1024x537.png\" class=\"attachment-large size-large wp-image-16106\" alt=\"\" srcset=\"https:\/\/logindoc.info\/wordpress\/wp-content\/uploads\/2024\/03\/La-gestion-des-titres-restaurants-1917442511-1024x537.png 1024w, https:\/\/logindoc.info\/wordpress\/wp-content\/uploads\/2024\/03\/La-gestion-des-titres-restaurants-1917442511-300x157.png 300w, https:\/\/logindoc.info\/wordpress\/wp-content\/uploads\/2024\/03\/La-gestion-des-titres-restaurants-1917442511-768x403.png 768w, https:\/\/logindoc.info\/wordpress\/wp-content\/uploads\/2024\/03\/La-gestion-des-titres-restaurants-1917442511-1536x805.png 1536w, https:\/\/logindoc.info\/wordpress\/wp-content\/uploads\/2024\/03\/La-gestion-des-titres-restaurants-1917442511-2048x1073.png 2048w\" sizes=\"(max-width: 1024px) 100vw, 1024px\" \/>\t\t\t\t\t\t\t\t\t\t\t\t\t\t\t<\/div>\n\t\t\t\t<\/div>\n\t\t<div class=\"elementor-element elementor-element-5607d276 e-transform e-flex e-con-boxed e-con e-child\" data-id=\"5607d276\" data-element_type=\"container\" data-e-type=\"container\" data-settings=\"{&quot;_transform_scale_effect&quot;:{&quot;unit&quot;:&quot;px&quot;,&quot;size&quot;:0.7,&quot;sizes&quot;:[]},&quot;_transform_scale_effect_laptop&quot;:{&quot;unit&quot;:&quot;px&quot;,&quot;size&quot;:&quot;&quot;,&quot;sizes&quot;:[]},&quot;_transform_scale_effect_tablet&quot;:{&quot;unit&quot;:&quot;px&quot;,&quot;size&quot;:&quot;&quot;,&quot;sizes&quot;:[]},&quot;_transform_scale_effect_mobile&quot;:{&quot;unit&quot;:&quot;px&quot;,&quot;size&quot;:&quot;&quot;,&quot;sizes&quot;:[]}}\">\n\t\t\t\t\t<div class=\"e-con-inner\">\n\t\t\t\t<div class=\"elementor-element elementor-element-395b290c elementor-align-center elementor-widget elementor-widget-button\" data-id=\"395b290c\" data-element_type=\"widget\" data-e-type=\"widget\" data-widget_type=\"button.default\">\n\t\t\t\t<div class=\"elementor-widget-container\">\n\t\t\t\t\t\t\t\t\t<div class=\"elementor-button-wrapper\">\n\t\t\t\t\t<a class=\"elementor-button elementor-button-link elementor-size-xs elementor-animation-grow\" href=\"https:\/\/logindoc.info\/wordpress\/elementor-15793\">\n\t\t\t\t\t\t<span class=\"elementor-button-content-wrapper\">\n\t\t\t\t\t\t\t\t\t<span class=\"elementor-button-text\">Demander une d\u00e9monstration<\/span>\n\t\t\t\t\t<\/span>\n\t\t\t\t\t<\/a>\n\t\t\t\t<\/div>\n\t\t\t\t\t\t\t\t<\/div>\n\t\t\t\t<\/div>\n\t\t\t\t<div class=\"elementor-element elementor-element-1afaface elementor-widget elementor-widget-spacer\" data-id=\"1afaface\" data-element_type=\"widget\" data-e-type=\"widget\" data-widget_type=\"spacer.default\">\n\t\t\t\t<div class=\"elementor-widget-container\">\n\t\t\t\t\t\t\t<div class=\"elementor-spacer\">\n\t\t\t<div class=\"elementor-spacer-inner\"><\/div>\n\t\t<\/div>\n\t\t\t\t\t\t<\/div>\n\t\t\t\t<\/div>\n\t\t\t\t\t<\/div>\n\t\t\t\t<\/div>\n\t\t\t\t<\/div>\n\t\t\t\t\t<\/div>\n\t\t\t\t<\/div>\n\t\t<div class=\"elementor-element elementor-element-19210ddd e-flex e-con-boxed e-con e-parent\" data-id=\"19210ddd\" data-element_type=\"container\" data-e-type=\"container\">\n\t\t\t\t\t<div class=\"e-con-inner\">\n\t\t<div class=\"elementor-element elementor-element-79a373eb e-con-full e-flex e-con e-child\" data-id=\"79a373eb\" data-element_type=\"container\" data-e-type=\"container\">\n\t\t\t\t<div class=\"elementor-element elementor-element-380baf3a elementor-widget elementor-widget-image\" data-id=\"380baf3a\" data-element_type=\"widget\" data-e-type=\"widget\" data-widget_type=\"image.default\">\n\t\t\t\t<div class=\"elementor-widget-container\">\n\t\t\t\t\t\t\t\t\t\t\t\t\t\t\t<img decoding=\"async\" width=\"1024\" height=\"678\" src=\"https:\/\/logindoc.info\/wordpress\/wp-content\/uploads\/2024\/03\/Gestion-des-indemnites-forfaitaire-2100794287-1024x678.png\" class=\"attachment-large size-large wp-image-16110\" alt=\"\" srcset=\"https:\/\/logindoc.info\/wordpress\/wp-content\/uploads\/2024\/03\/Gestion-des-indemnites-forfaitaire-2100794287-1024x678.png 1024w, https:\/\/logindoc.info\/wordpress\/wp-content\/uploads\/2024\/03\/Gestion-des-indemnites-forfaitaire-2100794287-300x199.png 300w, https:\/\/logindoc.info\/wordpress\/wp-content\/uploads\/2024\/03\/Gestion-des-indemnites-forfaitaire-2100794287-768x508.png 768w, https:\/\/logindoc.info\/wordpress\/wp-content\/uploads\/2024\/03\/Gestion-des-indemnites-forfaitaire-2100794287-1536x1017.png 1536w, https:\/\/logindoc.info\/wordpress\/wp-content\/uploads\/2024\/03\/Gestion-des-indemnites-forfaitaire-2100794287-2048x1356.png 2048w\" sizes=\"(max-width: 1024px) 100vw, 1024px\" \/>\t\t\t\t\t\t\t\t\t\t\t\t\t\t\t<\/div>\n\t\t\t\t<\/div>\n\t\t<div class=\"elementor-element elementor-element-47e5fe7e e-transform e-flex e-con-boxed e-con e-child\" data-id=\"47e5fe7e\" data-element_type=\"container\" data-e-type=\"container\" data-settings=\"{&quot;_transform_scale_effect&quot;:{&quot;unit&quot;:&quot;px&quot;,&quot;size&quot;:0.7,&quot;sizes&quot;:[]},&quot;_transform_scale_effect_laptop&quot;:{&quot;unit&quot;:&quot;px&quot;,&quot;size&quot;:&quot;&quot;,&quot;sizes&quot;:[]},&quot;_transform_scale_effect_tablet&quot;:{&quot;unit&quot;:&quot;px&quot;,&quot;size&quot;:&quot;&quot;,&quot;sizes&quot;:[]},&quot;_transform_scale_effect_mobile&quot;:{&quot;unit&quot;:&quot;px&quot;,&quot;size&quot;:&quot;&quot;,&quot;sizes&quot;:[]}}\">\n\t\t\t\t\t<div class=\"e-con-inner\">\n\t\t\t\t<div class=\"elementor-element elementor-element-52c9301c elementor-align-center elementor-widget elementor-widget-button\" data-id=\"52c9301c\" data-element_type=\"widget\" data-e-type=\"widget\" data-widget_type=\"button.default\">\n\t\t\t\t<div class=\"elementor-widget-container\">\n\t\t\t\t\t\t\t\t\t<div class=\"elementor-button-wrapper\">\n\t\t\t\t\t<a class=\"elementor-button elementor-button-link elementor-size-xs elementor-animation-grow\" href=\"https:\/\/logindoc.info\/wordpress\/elementor-15793\">\n\t\t\t\t\t\t<span class=\"elementor-button-content-wrapper\">\n\t\t\t\t\t\t\t\t\t<span class=\"elementor-button-text\">Demander une d\u00e9monstration<\/span>\n\t\t\t\t\t<\/span>\n\t\t\t\t\t<\/a>\n\t\t\t\t<\/div>\n\t\t\t\t\t\t\t\t<\/div>\n\t\t\t\t<\/div>\n\t\t\t\t\t<\/div>\n\t\t\t\t<\/div>\n\t\t\t\t<\/div>\n\t\t<div class=\"elementor-element elementor-element-cd25d52 e-con-full e-flex e-con e-child\" data-id=\"cd25d52\" data-element_type=\"container\" data-e-type=\"container\">\n\t\t\t\t<div class=\"elementor-element elementor-element-3c0711c1 elementor-widget elementor-widget-heading\" data-id=\"3c0711c1\" data-element_type=\"widget\" data-e-type=\"widget\" data-widget_type=\"heading.default\">\n\t\t\t\t<div class=\"elementor-widget-container\">\n\t\t\t\t\t<h2 class=\"elementor-heading-title elementor-size-default\">La gestion des indemnit\u00e9s forfaitaires <\/h2>\t\t\t\t<\/div>\n\t\t\t\t<\/div>\n\t\t\t\t<div class=\"elementor-element elementor-element-37520ce7 elementor-widget elementor-widget-text-editor\" data-id=\"37520ce7\" data-element_type=\"widget\" data-e-type=\"widget\" data-widget_type=\"text-editor.default\">\n\t\t\t\t<div class=\"elementor-widget-container\">\n\t\t\t\t\t\t\t\t\t<p>Encadrez la gestion des indemnit\u00e9s forfaitaires de vos \u00e9quipes itin\u00e9rantes<\/p>\t\t\t\t\t\t\t\t<\/div>\n\t\t\t\t<\/div>\n\t\t\t\t<div class=\"elementor-element elementor-element-5217fda0 elementor-widget__width-initial elementor-widget elementor-widget-text-editor\" data-id=\"5217fda0\" data-element_type=\"widget\" data-e-type=\"widget\" data-widget_type=\"text-editor.default\">\n\t\t\t\t<div class=\"elementor-widget-container\">\n\t\t\t\t\t\t\t\t\t<p>Parce que les indemnit\u00e9s forfaitaires de restauration ob\u00e9issent \u00e0 des r\u00e8gles URSSAF strictes, nous proposons via notre module d\u00e9di\u00e9 d\u2019attribuer le bon montant selon le cas de figure\u00a0:<\/p><p><span style=\"text-decoration: underline;\">\u00c9tape 1<\/span> : d\u00e9finissez selon vos r\u00e8gles les montants \u00e0 attribuer selon les cas de figure. Indemnit\u00e9 forfaitaire en cas de d\u00e9placement ou tickets restaurants en cas de t\u00e9l\u00e9travail ou de pr\u00e9sence au bureau.<\/p><p><span style=\"text-decoration: underline;\">\u00c9tape 2<\/span> : demandez \u00e0 vos salari\u00e9s de renseigner sur l\u2019interface d\u00e9di\u00e9e leur activit\u00e9 quotidienne et leur lieu de restauration : activit\u00e9 du jour, lieu, client.<\/p><p><span style=\"text-decoration: underline;\">\u00c9tape 3<\/span> : en fin de mois, demandez \u00e0 vos managers de valider l\u2019activit\u00e9 de leurs collaborateurs.<\/p><p><span style=\"text-decoration: underline;\">\u00c9tape 4<\/span> : d\u00e9clenchez le paiement en paie ou hors paie des indemnit\u00e9s forfaitaires et la commande des titres restaurants.<\/p>\t\t\t\t\t\t\t\t<\/div>\n\t\t\t\t<\/div>\n\t\t\t\t<\/div>\n\t\t\t\t\t<\/div>\n\t\t\t\t<\/div>\n\t\t<div class=\"elementor-element elementor-element-5169f71b e-flex e-con-boxed e-con e-parent\" data-id=\"5169f71b\" data-element_type=\"container\" data-e-type=\"container\">\n\t\t\t\t\t<div class=\"e-con-inner\">\n\t\t<div class=\"elementor-element elementor-element-72896609 e-con-full e-flex e-con e-child\" data-id=\"72896609\" data-element_type=\"container\" data-e-type=\"container\">\n\t\t\t\t<div class=\"elementor-element elementor-element-3045a633 elementor-widget elementor-widget-heading\" data-id=\"3045a633\" data-element_type=\"widget\" data-e-type=\"widget\" data-widget_type=\"heading.default\">\n\t\t\t\t<div class=\"elementor-widget-container\">\n\t\t\t\t\t<h2 class=\"elementor-heading-title elementor-size-default\">La gestion de la restauration inter-entreprises<\/h2>\t\t\t\t<\/div>\n\t\t\t\t<\/div>\n\t\t\t\t<div class=\"elementor-element elementor-element-751653e0 elementor-widget elementor-widget-text-editor\" data-id=\"751653e0\" data-element_type=\"widget\" data-e-type=\"widget\" data-widget_type=\"text-editor.default\">\n\t\t\t\t<div class=\"elementor-widget-container\">\n\t\t\t\t\t\t\t\t\t<p>Atout majeur du bien-\u00eatre au travail, de nombreuses entreprises ont recours \u00e0 la restauration inter-entreprises<\/p>\t\t\t\t\t\t\t\t<\/div>\n\t\t\t\t<\/div>\n\t\t\t\t<div class=\"elementor-element elementor-element-16f882d5 elementor-widget__width-initial elementor-widget elementor-widget-text-editor\" data-id=\"16f882d5\" data-element_type=\"widget\" data-e-type=\"widget\" data-widget_type=\"text-editor.default\">\n\t\t\t\t<div class=\"elementor-widget-container\">\n\t\t\t\t\t\t\t\t\t<h3>Avec le d\u00e9veloppement du t\u00e9l\u00e9travail, les salari\u00e9s alternent entre repas pris au RIE et repas pris \u00e0 domicile. Notre module de gestion du financement du RIE vous permet d\u2019analyser la facture de votre fournisseur pour\u00a0:<\/h3><ul><li>Identifier les jours de passage au RIE de chaque salari\u00e9 et neutraliser l\u2019attribution d\u2019un titre restaurant ;<\/li><li>Identifier les passages lors de jours d\u2019absence des salari\u00e9s ;<\/li><li>Identifier et neutraliser les cartes de salari\u00e9s sortis encore utilis\u00e9es ;<\/li><li>Ventiler par centres de co\u00fbt la facture de votre fournisseur RIE.<\/li><\/ul>\t\t\t\t\t\t\t\t<\/div>\n\t\t\t\t<\/div>\n\t\t\t\t<\/div>\n\t\t<div class=\"elementor-element elementor-element-16e34e90 e-con-full e-flex e-con e-child\" data-id=\"16e34e90\" data-element_type=\"container\" data-e-type=\"container\">\n\t\t\t\t<div class=\"elementor-element elementor-element-4297b813 elementor-widget elementor-widget-image\" data-id=\"4297b813\" data-element_type=\"widget\" data-e-type=\"widget\" data-widget_type=\"image.default\">\n\t\t\t\t<div class=\"elementor-widget-container\">\n\t\t\t\t\t\t\t\t\t\t\t\t\t\t\t<img decoding=\"async\" width=\"1024\" height=\"512\" src=\"https:\/\/logindoc.info\/wordpress\/wp-content\/uploads\/2024\/03\/La-gestion-de-la-restauration-inter-entreprise-1669698412-1024x512.png\" class=\"attachment-large size-large wp-image-16115\" alt=\"\" srcset=\"https:\/\/logindoc.info\/wordpress\/wp-content\/uploads\/2024\/03\/La-gestion-de-la-restauration-inter-entreprise-1669698412-1024x512.png 1024w, https:\/\/logindoc.info\/wordpress\/wp-content\/uploads\/2024\/03\/La-gestion-de-la-restauration-inter-entreprise-1669698412-300x150.png 300w, https:\/\/logindoc.info\/wordpress\/wp-content\/uploads\/2024\/03\/La-gestion-de-la-restauration-inter-entreprise-1669698412-768x384.png 768w, https:\/\/logindoc.info\/wordpress\/wp-content\/uploads\/2024\/03\/La-gestion-de-la-restauration-inter-entreprise-1669698412-1536x768.png 1536w, https:\/\/logindoc.info\/wordpress\/wp-content\/uploads\/2024\/03\/La-gestion-de-la-restauration-inter-entreprise-1669698412-2048x1024.png 2048w\" sizes=\"(max-width: 1024px) 100vw, 1024px\" \/>\t\t\t\t\t\t\t\t\t\t\t\t\t\t\t<\/div>\n\t\t\t\t<\/div>\n\t\t<div class=\"elementor-element elementor-element-5a53be13 e-transform e-flex e-con-boxed e-con e-child\" data-id=\"5a53be13\" data-element_type=\"container\" data-e-type=\"container\" data-settings=\"{&quot;_transform_scale_effect&quot;:{&quot;unit&quot;:&quot;px&quot;,&quot;size&quot;:0.7,&quot;sizes&quot;:[]},&quot;_transform_scale_effect_laptop&quot;:{&quot;unit&quot;:&quot;px&quot;,&quot;size&quot;:&quot;&quot;,&quot;sizes&quot;:[]},&quot;_transform_scale_effect_tablet&quot;:{&quot;unit&quot;:&quot;px&quot;,&quot;size&quot;:&quot;&quot;,&quot;sizes&quot;:[]},&quot;_transform_scale_effect_mobile&quot;:{&quot;unit&quot;:&quot;px&quot;,&quot;size&quot;:&quot;&quot;,&quot;sizes&quot;:[]}}\">\n\t\t\t\t\t<div class=\"e-con-inner\">\n\t\t\t\t<div class=\"elementor-element elementor-element-4178f9fe elementor-align-center elementor-widget elementor-widget-button\" data-id=\"4178f9fe\" data-element_type=\"widget\" data-e-type=\"widget\" data-widget_type=\"button.default\">\n\t\t\t\t<div class=\"elementor-widget-container\">\n\t\t\t\t\t\t\t\t\t<div class=\"elementor-button-wrapper\">\n\t\t\t\t\t<a class=\"elementor-button elementor-button-link elementor-size-xs elementor-animation-grow\" href=\"https:\/\/logindoc.info\/wordpress\/elementor-15793\">\n\t\t\t\t\t\t<span class=\"elementor-button-content-wrapper\">\n\t\t\t\t\t\t\t\t\t<span class=\"elementor-button-text\">Demander une d\u00e9monstration<\/span>\n\t\t\t\t\t<\/span>\n\t\t\t\t\t<\/a>\n\t\t\t\t<\/div>\n\t\t\t\t\t\t\t\t<\/div>\n\t\t\t\t<\/div>\n\t\t\t\t\t<\/div>\n\t\t\t\t<\/div>\n\t\t\t\t<\/div>\n\t\t\t\t\t<\/div>\n\t\t\t\t<\/div>\n\t\t\t\t<\/div>\n\t\t","protected":false},"excerpt":{"rendered":"<p>Gestion des restaurations Avec le d\u00e9veloppement du t\u00e9l\u00e9travail, la restauration d\u2019entreprise se diversifie, g\u00e9rez en toute simplicit\u00e9 tous les modes de restaurations en vigueur dans votre entreprise La gestion des titres restaurants Du calcul \u00e0 la commande, fiabilisez l\u2019attribution des titres restaurants \u00e0 vos salari\u00e9s Notre plateforme RH vous propose une gestion simplifi\u00e9e et transparente [&hellip;]<\/p>\n","protected":false},"author":2,"featured_media":0,"parent":0,"menu_order":0,"comment_status":"closed","ping_status":"closed","template":"","meta":{"ocean_post_layout":"","ocean_both_sidebars_style":"","ocean_both_sidebars_content_width":0,"ocean_both_sidebars_sidebars_width":0,"ocean_sidebar":"","ocean_second_sidebar":"","ocean_disable_margins":"enable","ocean_add_body_class":"","ocean_shortcode_before_top_bar":"","ocean_shortcode_after_top_bar":"","ocean_shortcode_before_header":"","ocean_shortcode_after_header":"","ocean_has_shortcode":"","ocean_shortcode_after_title":"","ocean_shortcode_before_footer_widgets":"","ocean_shortcode_after_footer_widgets":"","ocean_shortcode_before_footer_bottom":"","ocean_shortcode_after_footer_bottom":"","ocean_display_top_bar":"default","ocean_display_header":"default","ocean_header_style":"","ocean_center_header_left_menu":"","ocean_custom_header_template":"","ocean_custom_logo":0,"ocean_custom_retina_logo":0,"ocean_custom_logo_max_width":0,"ocean_custom_logo_tablet_max_width":0,"ocean_custom_logo_mobile_max_width":0,"ocean_custom_logo_max_height":0,"ocean_custom_logo_tablet_max_height":0,"ocean_custom_logo_mobile_max_height":0,"ocean_header_custom_menu":"","ocean_menu_typo_font_family":"","ocean_menu_typo_font_subset":"","ocean_menu_typo_font_size":0,"ocean_menu_typo_font_size_tablet":0,"ocean_menu_typo_font_size_mobile":0,"ocean_menu_typo_font_size_unit":"px","ocean_menu_typo_font_weight":"","ocean_menu_typo_font_weight_tablet":"","ocean_menu_typo_font_weight_mobile":"","ocean_menu_typo_transform":"","ocean_menu_typo_transform_tablet":"","ocean_menu_typo_transform_mobile":"","ocean_menu_typo_line_height":0,"ocean_menu_typo_line_height_tablet":0,"ocean_menu_typo_line_height_mobile":0,"ocean_menu_typo_line_height_unit":"","ocean_menu_typo_spacing":0,"ocean_menu_typo_spacing_tablet":0,"ocean_menu_typo_spacing_mobile":0,"ocean_menu_typo_spacing_unit":"","ocean_menu_link_color":"","ocean_menu_link_color_hover":"","ocean_menu_link_color_active":"","ocean_menu_link_background":"","ocean_menu_link_hover_background":"","ocean_menu_link_active_background":"","ocean_menu_social_links_bg":"","ocean_menu_social_hover_links_bg":"","ocean_menu_social_links_color":"","ocean_menu_social_hover_links_color":"","ocean_disable_title":"default","ocean_disable_heading":"default","ocean_post_title":"","ocean_post_subheading":"","ocean_post_title_style":"","ocean_post_title_background_color":"","ocean_post_title_background":0,"ocean_post_title_bg_image_position":"","ocean_post_title_bg_image_attachment":"","ocean_post_title_bg_image_repeat":"","ocean_post_title_bg_image_size":"","ocean_post_title_height":0,"ocean_post_title_bg_overlay":0.5,"ocean_post_title_bg_overlay_color":"","ocean_disable_breadcrumbs":"default","ocean_breadcrumbs_color":"","ocean_breadcrumbs_separator_color":"","ocean_breadcrumbs_links_color":"","ocean_breadcrumbs_links_hover_color":"","ocean_display_footer_widgets":"default","ocean_display_footer_bottom":"default","ocean_custom_footer_template":"","iawp_total_views":16,"footnotes":""},"class_list":["post-12251","page","type-page","status-publish","hentry","entry"],"_links":{"self":[{"href":"https:\/\/logindoc.info\/wordpress\/wp-json\/wp\/v2\/pages\/12251","targetHints":{"allow":["GET"]}}],"collection":[{"href":"https:\/\/logindoc.info\/wordpress\/wp-json\/wp\/v2\/pages"}],"about":[{"href":"https:\/\/logindoc.info\/wordpress\/wp-json\/wp\/v2\/types\/page"}],"author":[{"embeddable":true,"href":"https:\/\/logindoc.info\/wordpress\/wp-json\/wp\/v2\/users\/2"}],"replies":[{"embeddable":true,"href":"https:\/\/logindoc.info\/wordpress\/wp-json\/wp\/v2\/comments?post=12251"}],"version-history":[{"count":28,"href":"https:\/\/logindoc.info\/wordpress\/wp-json\/wp\/v2\/pages\/12251\/revisions"}],"predecessor-version":[{"id":16134,"href":"https:\/\/logindoc.info\/wordpress\/wp-json\/wp\/v2\/pages\/12251\/revisions\/16134"}],"wp:attachment":[{"href":"https:\/\/logindoc.info\/wordpress\/wp-json\/wp\/v2\/media?parent=12251"}],"curies":[{"name":"wp","href":"https:\/\/api.w.org\/{rel}","templated":true}]}}