{"id":12249,"date":"2024-06-10T14:48:46","date_gmt":"2024-06-10T12:48:46","guid":{"rendered":"https:\/\/logindoc.info\/wordpress\/?page_id=12249"},"modified":"2024-06-10T14:48:46","modified_gmt":"2024-06-10T12:48:46","slug":"gestion-des-notes-de-frais","status":"publish","type":"page","link":"https:\/\/logindoc.info\/wordpress\/gestion-des-notes-de-frais\/","title":{"rendered":"Gestion des notes de frais"},"content":{"rendered":"\t\t<div data-elementor-type=\"wp-page\" data-elementor-id=\"12249\" class=\"elementor elementor-12249\">\n\t\t\t\t<div class=\"elementor-element elementor-element-88b321d e-flex e-con-boxed e-con e-parent\" data-id=\"88b321d\" data-element_type=\"container\" data-e-type=\"container\">\n\t\t\t\t\t<div class=\"e-con-inner\">\n\t\t\t\t<div class=\"elementor-element elementor-element-f856d24 elementor-widget elementor-widget-spacer\" data-id=\"f856d24\" data-element_type=\"widget\" data-e-type=\"widget\" data-widget_type=\"spacer.default\">\n\t\t\t\t<div class=\"elementor-widget-container\">\n\t\t\t\t\t\t\t<div class=\"elementor-spacer\">\n\t\t\t<div class=\"elementor-spacer-inner\"><\/div>\n\t\t<\/div>\n\t\t\t\t\t\t<\/div>\n\t\t\t\t<\/div>\n\t\t\t\t\t<\/div>\n\t\t\t\t<\/div>\n\t\t<div class=\"elementor-element elementor-element-70a877ab e-flex e-con-boxed e-con e-parent\" data-id=\"70a877ab\" data-element_type=\"container\" data-e-type=\"container\" data-settings=\"{&quot;background_background&quot;:&quot;classic&quot;}\">\n\t\t\t\t\t<div class=\"e-con-inner\">\n\t\t\t\t<div class=\"elementor-element elementor-element-65c6ca4c elementor-widget__width-inherit elementor-widget elementor-widget-heading\" data-id=\"65c6ca4c\" data-element_type=\"widget\" data-e-type=\"widget\" data-widget_type=\"heading.default\">\n\t\t\t\t<div class=\"elementor-widget-container\">\n\t\t\t\t\t<h2 class=\"elementor-heading-title elementor-size-default\">Gestion des notes de frais<\/h2>\t\t\t\t<\/div>\n\t\t\t\t<\/div>\n\t\t\t\t\t<\/div>\n\t\t\t\t<\/div>\n\t\t<div class=\"elementor-element elementor-element-5964df95 e-con-full e-flex e-con e-parent\" data-id=\"5964df95\" data-element_type=\"container\" data-e-type=\"container\">\n\t\t<div class=\"elementor-element elementor-element-72c21a1e e-con-full e-flex e-con e-child\" data-id=\"72c21a1e\" data-element_type=\"container\" data-e-type=\"container\">\n\t\t\t\t<div class=\"elementor-element elementor-element-a4816f0 elementor-widget__width-inherit elementor-widget elementor-widget-text-editor\" data-id=\"a4816f0\" data-element_type=\"widget\" data-e-type=\"widget\" data-widget_type=\"text-editor.default\">\n\t\t\t\t<div class=\"elementor-widget-container\">\n\t\t\t\t\t\t\t\t\t<p>Fini les erreurs de comptabilit\u00e9 et les re\u00e7us \u00e9gar\u00e9s, passez la gestion d\u00e9mat\u00e9rialis\u00e9e des notes de frais<\/p>\t\t\t\t\t\t\t\t<\/div>\n\t\t\t\t<\/div>\n\t\t\t\t<\/div>\n\t\t\t\t<\/div>\n\t\t<div class=\"elementor-element elementor-element-301ea992 e-flex e-con-boxed e-con e-parent\" data-id=\"301ea992\" data-element_type=\"container\" data-e-type=\"container\">\n\t\t\t\t\t<div class=\"e-con-inner\">\n\t\t\t\t<div class=\"elementor-element elementor-element-70a1397 elementor-widget elementor-widget-spacer\" data-id=\"70a1397\" data-element_type=\"widget\" data-e-type=\"widget\" data-widget_type=\"spacer.default\">\n\t\t\t\t<div class=\"elementor-widget-container\">\n\t\t\t\t\t\t\t<div class=\"elementor-spacer\">\n\t\t\t<div class=\"elementor-spacer-inner\"><\/div>\n\t\t<\/div>\n\t\t\t\t\t\t<\/div>\n\t\t\t\t<\/div>\n\t\t\t\t\t<\/div>\n\t\t\t\t<\/div>\n\t\t<div class=\"elementor-element elementor-element-77f9d648 e-flex e-con-boxed e-con e-parent\" data-id=\"77f9d648\" data-element_type=\"container\" data-e-type=\"container\">\n\t\t\t\t\t<div class=\"e-con-inner\">\n\t\t<div class=\"elementor-element elementor-element-4e264107 e-con-full e-flex e-con e-child\" data-id=\"4e264107\" data-element_type=\"container\" data-e-type=\"container\">\n\t\t\t\t<div class=\"elementor-element elementor-element-becfb7 elementor-widget elementor-widget-heading\" data-id=\"becfb7\" data-element_type=\"widget\" data-e-type=\"widget\" data-widget_type=\"heading.default\">\n\t\t\t\t<div class=\"elementor-widget-container\">\n\t\t\t\t\t<h2 class=\"elementor-heading-title elementor-size-default\">La gestion des notes de frais<\/h2>\t\t\t\t<\/div>\n\t\t\t\t<\/div>\n\t\t\t\t<div class=\"elementor-element elementor-element-1e811917 elementor-widget elementor-widget-text-editor\" data-id=\"1e811917\" data-element_type=\"widget\" data-e-type=\"widget\" data-widget_type=\"text-editor.default\">\n\t\t\t\t<div class=\"elementor-widget-container\">\n\t\t\t\t\t\t\t\t\t<p>Simplifiez la gestion des notes de frais de vos collaborateurs gr\u00e2ce \u00e0 un outil simple et ergonomique<\/p>\t\t\t\t\t\t\t\t<\/div>\n\t\t\t\t<\/div>\n\t\t\t\t<div class=\"elementor-element elementor-element-3ed068a2 elementor-widget__width-initial elementor-widget elementor-widget-text-editor\" data-id=\"3ed068a2\" data-element_type=\"widget\" data-e-type=\"widget\" data-widget_type=\"text-editor.default\">\n\t\t\t\t<div class=\"elementor-widget-container\">\n\t\t\t\t\t\t\t\t\t<p><strong>Saisie de la note de frais <\/strong>:<\/p><p>Le salari\u00e9 est guid\u00e9 \u00e0 chaque action, de nombreux contr\u00f4les sont param\u00e9trables et l\u2019enregistrement de tous les justificatifs est obligatoire. La d\u00e9duction des \u00e9ventuelles avances de frais est instantan\u00e9e.<\/p><ul><li>Choix possible d\u2019un IBAN d\u00e9di\u00e9 aux notes de frais par le processus de gestion des IBAN ;<\/li><li>Respect de votre politique de frais gr\u00e2ce aux profils de droits de d\u00e9penses. Les droits et r\u00e8gles et plafonds des d\u00e9penses sont calcul\u00e9s \u00e0 la date du frais ;<\/li><li>Respect des obligations l\u00e9gales pour la r\u00e9cup\u00e9ration de la TVA : Indication des noms des invit\u00e9s \u00e0 d\u00e9jeuner, cadeaux, plafonds et gestion des taux de TVA intracommunautaire en vigueur dans le pays concern\u00e9 par la d\u00e9pense ;<\/li><li>Remboursements des indemnit\u00e9s kilom\u00e9triques selon les bar\u00e8mes l\u00e9gaux en vigueur ou bar\u00e8mes internes ;<\/li><li>Processus d\u00e9di\u00e9 \u00e0 la d\u00e9claration du v\u00e9hicule personnel utilis\u00e9 (type de v\u00e9hicule, type de carburant, puissance fiscale, etc.) et contr\u00f4le des cartes grise, assurances et permis de conduire ;<\/li><li>Conversion en euros des frais r\u00e9alis\u00e9s en devise \u00e9trang\u00e8re avec mise \u00e0 jour quotidienne des taux de changes.<\/li><\/ul><p><strong>Processus de contr\u00f4le<\/strong> :<\/p><ul><li>La validation par un responsable hi\u00e9rarchique et\/ou fonctionnel puis par la comptabilit\u00e9 selon les sp\u00e9cificit\u00e9s de votre organisation ;<\/li><li>Les contr\u00f4leurs peuvent accepter, retourner, refuser, ou diff\u00e9rer un ou plusieurs frais en anomalie sur une note de frais ult\u00e9rieure.<\/li><\/ul><p><strong>Processus de r\u00e8glement, comptabilisation et archivage<\/strong> :<\/p><ul><li>Production des fichiers de contr\u00f4les ;<\/li><li>Production des fichiers SEPA des remboursements individuels ;<\/li><li>Production des fichiers de comptabilisation (Banque, charges et ventilations analytiques) au format de votre outil comptable ;<\/li><li>Les \u00e9ditions PDF\/A3 des Notes de frais incluant les justificatifs sont archiv\u00e9es dans le module GED de la plate-forme.<\/li><\/ul>\t\t\t\t\t\t\t\t<\/div>\n\t\t\t\t<\/div>\n\t\t\t\t<\/div>\n\t\t<div class=\"elementor-element elementor-element-6a8be32 e-con-full e-flex e-con e-child\" data-id=\"6a8be32\" data-element_type=\"container\" data-e-type=\"container\">\n\t\t\t\t<div class=\"elementor-element elementor-element-48c47674 elementor-widget elementor-widget-image\" data-id=\"48c47674\" data-element_type=\"widget\" data-e-type=\"widget\" data-widget_type=\"image.default\">\n\t\t\t\t<div class=\"elementor-widget-container\">\n\t\t\t\t\t\t\t\t\t\t\t\t\t\t\t<img fetchpriority=\"high\" decoding=\"async\" width=\"1024\" height=\"728\" src=\"https:\/\/logindoc.info\/wordpress\/wp-content\/uploads\/2024\/03\/Gestion-des-notes-de-frais-2212179575-1024x728.png\" class=\"attachment-large size-large wp-image-16220\" alt=\"\" srcset=\"https:\/\/logindoc.info\/wordpress\/wp-content\/uploads\/2024\/03\/Gestion-des-notes-de-frais-2212179575-1024x728.png 1024w, https:\/\/logindoc.info\/wordpress\/wp-content\/uploads\/2024\/03\/Gestion-des-notes-de-frais-2212179575-300x213.png 300w, https:\/\/logindoc.info\/wordpress\/wp-content\/uploads\/2024\/03\/Gestion-des-notes-de-frais-2212179575-768x546.png 768w, https:\/\/logindoc.info\/wordpress\/wp-content\/uploads\/2024\/03\/Gestion-des-notes-de-frais-2212179575-1536x1092.png 1536w, https:\/\/logindoc.info\/wordpress\/wp-content\/uploads\/2024\/03\/Gestion-des-notes-de-frais-2212179575-2048x1456.png 2048w\" sizes=\"(max-width: 1024px) 100vw, 1024px\" \/>\t\t\t\t\t\t\t\t\t\t\t\t\t\t\t<\/div>\n\t\t\t\t<\/div>\n\t\t<div class=\"elementor-element elementor-element-59534cbd e-transform e-flex e-con-boxed e-con e-child\" data-id=\"59534cbd\" data-element_type=\"container\" data-e-type=\"container\" data-settings=\"{&quot;_transform_scale_effect&quot;:{&quot;unit&quot;:&quot;px&quot;,&quot;size&quot;:0.7,&quot;sizes&quot;:[]},&quot;_transform_scale_effect_laptop&quot;:{&quot;unit&quot;:&quot;px&quot;,&quot;size&quot;:&quot;&quot;,&quot;sizes&quot;:[]},&quot;_transform_scale_effect_tablet&quot;:{&quot;unit&quot;:&quot;px&quot;,&quot;size&quot;:&quot;&quot;,&quot;sizes&quot;:[]},&quot;_transform_scale_effect_mobile&quot;:{&quot;unit&quot;:&quot;px&quot;,&quot;size&quot;:&quot;&quot;,&quot;sizes&quot;:[]}}\">\n\t\t\t\t\t<div class=\"e-con-inner\">\n\t\t\t\t<div class=\"elementor-element elementor-element-201df4de elementor-align-center elementor-widget elementor-widget-button\" data-id=\"201df4de\" data-element_type=\"widget\" data-e-type=\"widget\" data-widget_type=\"button.default\">\n\t\t\t\t<div class=\"elementor-widget-container\">\n\t\t\t\t\t\t\t\t\t<div class=\"elementor-button-wrapper\">\n\t\t\t\t\t<a class=\"elementor-button elementor-button-link elementor-size-xs elementor-animation-grow\" href=\"https:\/\/logindoc.info\/wordpress\/elementor-15793\">\n\t\t\t\t\t\t<span class=\"elementor-button-content-wrapper\">\n\t\t\t\t\t\t\t\t\t<span class=\"elementor-button-text\">Demander une d\u00e9monstration<\/span>\n\t\t\t\t\t<\/span>\n\t\t\t\t\t<\/a>\n\t\t\t\t<\/div>\n\t\t\t\t\t\t\t\t<\/div>\n\t\t\t\t<\/div>\n\t\t\t\t<div class=\"elementor-element elementor-element-63e2dfe6 elementor-widget elementor-widget-spacer\" data-id=\"63e2dfe6\" data-element_type=\"widget\" data-e-type=\"widget\" data-widget_type=\"spacer.default\">\n\t\t\t\t<div class=\"elementor-widget-container\">\n\t\t\t\t\t\t\t<div class=\"elementor-spacer\">\n\t\t\t<div class=\"elementor-spacer-inner\"><\/div>\n\t\t<\/div>\n\t\t\t\t\t\t<\/div>\n\t\t\t\t<\/div>\n\t\t\t\t\t<\/div>\n\t\t\t\t<\/div>\n\t\t\t\t<\/div>\n\t\t\t\t\t<\/div>\n\t\t\t\t<\/div>\n\t\t<div class=\"elementor-element elementor-element-58b2ba7c e-flex e-con-boxed e-con e-parent\" data-id=\"58b2ba7c\" data-element_type=\"container\" data-e-type=\"container\">\n\t\t\t\t\t<div class=\"e-con-inner\">\n\t\t<div class=\"elementor-element elementor-element-32e55632 e-con-full e-flex e-con e-child\" data-id=\"32e55632\" data-element_type=\"container\" data-e-type=\"container\">\n\t\t\t\t<div class=\"elementor-element elementor-element-7752754 elementor-widget elementor-widget-image\" data-id=\"7752754\" data-element_type=\"widget\" data-e-type=\"widget\" data-widget_type=\"image.default\">\n\t\t\t\t<div class=\"elementor-widget-container\">\n\t\t\t\t\t\t\t\t\t\t\t\t\t\t\t<img decoding=\"async\" width=\"1024\" height=\"892\" src=\"https:\/\/logindoc.info\/wordpress\/wp-content\/uploads\/2024\/03\/Gestion-des-avances-de-frais-1745556281-1024x892.png\" class=\"attachment-large size-large wp-image-16222\" alt=\"\" srcset=\"https:\/\/logindoc.info\/wordpress\/wp-content\/uploads\/2024\/03\/Gestion-des-avances-de-frais-1745556281-1024x892.png 1024w, https:\/\/logindoc.info\/wordpress\/wp-content\/uploads\/2024\/03\/Gestion-des-avances-de-frais-1745556281-300x261.png 300w, https:\/\/logindoc.info\/wordpress\/wp-content\/uploads\/2024\/03\/Gestion-des-avances-de-frais-1745556281-768x669.png 768w, https:\/\/logindoc.info\/wordpress\/wp-content\/uploads\/2024\/03\/Gestion-des-avances-de-frais-1745556281.png 1496w\" sizes=\"(max-width: 1024px) 100vw, 1024px\" \/>\t\t\t\t\t\t\t\t\t\t\t\t\t\t\t<\/div>\n\t\t\t\t<\/div>\n\t\t<div class=\"elementor-element elementor-element-33000662 e-transform e-flex e-con-boxed e-con e-child\" data-id=\"33000662\" data-element_type=\"container\" data-e-type=\"container\" data-settings=\"{&quot;_transform_scale_effect&quot;:{&quot;unit&quot;:&quot;px&quot;,&quot;size&quot;:0.7,&quot;sizes&quot;:[]},&quot;_transform_scale_effect_laptop&quot;:{&quot;unit&quot;:&quot;px&quot;,&quot;size&quot;:&quot;&quot;,&quot;sizes&quot;:[]},&quot;_transform_scale_effect_tablet&quot;:{&quot;unit&quot;:&quot;px&quot;,&quot;size&quot;:&quot;&quot;,&quot;sizes&quot;:[]},&quot;_transform_scale_effect_mobile&quot;:{&quot;unit&quot;:&quot;px&quot;,&quot;size&quot;:&quot;&quot;,&quot;sizes&quot;:[]}}\">\n\t\t\t\t\t<div class=\"e-con-inner\">\n\t\t\t\t<div class=\"elementor-element elementor-element-4e42577a elementor-align-center elementor-widget elementor-widget-button\" data-id=\"4e42577a\" data-element_type=\"widget\" data-e-type=\"widget\" data-widget_type=\"button.default\">\n\t\t\t\t<div class=\"elementor-widget-container\">\n\t\t\t\t\t\t\t\t\t<div class=\"elementor-button-wrapper\">\n\t\t\t\t\t<a class=\"elementor-button elementor-button-link elementor-size-xs elementor-animation-grow\" href=\"https:\/\/logindoc.info\/wordpress\/elementor-15793\">\n\t\t\t\t\t\t<span class=\"elementor-button-content-wrapper\">\n\t\t\t\t\t\t\t\t\t<span class=\"elementor-button-text\">Demander une d\u00e9monstration<\/span>\n\t\t\t\t\t<\/span>\n\t\t\t\t\t<\/a>\n\t\t\t\t<\/div>\n\t\t\t\t\t\t\t\t<\/div>\n\t\t\t\t<\/div>\n\t\t\t\t\t<\/div>\n\t\t\t\t<\/div>\n\t\t\t\t<\/div>\n\t\t<div class=\"elementor-element elementor-element-424ff639 e-con-full e-flex e-con e-child\" data-id=\"424ff639\" data-element_type=\"container\" data-e-type=\"container\">\n\t\t\t\t<div class=\"elementor-element elementor-element-293a3abb elementor-widget elementor-widget-heading\" data-id=\"293a3abb\" data-element_type=\"widget\" data-e-type=\"widget\" data-widget_type=\"heading.default\">\n\t\t\t\t<div class=\"elementor-widget-container\">\n\t\t\t\t\t<h2 class=\"elementor-heading-title elementor-size-default\">La gestion des avances de frais<\/h2>\t\t\t\t<\/div>\n\t\t\t\t<\/div>\n\t\t\t\t<div class=\"elementor-element elementor-element-463fc8ec elementor-widget elementor-widget-text-editor\" data-id=\"463fc8ec\" data-element_type=\"widget\" data-e-type=\"widget\" data-widget_type=\"text-editor.default\">\n\t\t\t\t<div class=\"elementor-widget-container\">\n\t\t\t\t\t\t\t\t\t<p>Avance permanente ou ponctuelle\u00a0: limitez l\u2019impact des frais professionnels sur le budget de vos salari\u00e9s<\/p>\t\t\t\t\t\t\t\t<\/div>\n\t\t\t\t<\/div>\n\t\t\t\t<div class=\"elementor-element elementor-element-65b48121 elementor-widget__width-initial elementor-widget elementor-widget-text-editor\" data-id=\"65b48121\" data-element_type=\"widget\" data-e-type=\"widget\" data-widget_type=\"text-editor.default\">\n\t\t\t\t<div class=\"elementor-widget-container\">\n\t\t\t\t\t\t\t\t\t<p>Notre module gestion des avances de frais vous permet de piloter en toute simplicit\u00e9 les demandes de vos salari\u00e9s\u00a0:<\/p><p><span style=\"text-decoration: underline;\">\u00c9tape 1<\/span> : formulation de la demande par le salari\u00e9. Comme pour la note de frais, le salari\u00e9 doit renseigner le motif, le type de frais, le montant\u2026 Un devis peut \u00e9galement \u00eatre joint \u00e0 la demande.<\/p><p><span style=\"text-decoration: underline;\">\u00c9tape 2<\/span> : validation de la demande par les managers et\/ou par la comptabilit\u00e9, cette \u00e9tape est personnalisable selon votre organisation.<\/p><p><span style=\"text-decoration: underline;\">\u00c9tape 3<\/span> : paiement des avances.\u00a0\u00c9dition d\u2019un fichier de contr\u00f4le pour v\u00e9rification, g\u00e9n\u00e9ration du fichier SEPA de virement et production d\u2019un fichier de comptabilisation comptable.<\/p><p><span style=\"text-decoration: underline;\">\u00c9tape 4<\/span> : reprises des avances.\u00a0Reprise automatique des avances lors de la saisie des notes de frais. En cas d\u2019avance trop \u00e9lev\u00e9e, le trop-per\u00e7u est conserv\u00e9 pour la note de frais suivante ou rembours\u00e9e par le salari\u00e9.<\/p>\t\t\t\t\t\t\t\t<\/div>\n\t\t\t\t<\/div>\n\t\t\t\t<div class=\"elementor-element elementor-element-59e28e17 elementor-widget elementor-widget-spacer\" data-id=\"59e28e17\" data-element_type=\"widget\" data-e-type=\"widget\" data-widget_type=\"spacer.default\">\n\t\t\t\t<div class=\"elementor-widget-container\">\n\t\t\t\t\t\t\t<div class=\"elementor-spacer\">\n\t\t\t<div class=\"elementor-spacer-inner\"><\/div>\n\t\t<\/div>\n\t\t\t\t\t\t<\/div>\n\t\t\t\t<\/div>\n\t\t\t\t<\/div>\n\t\t\t\t\t<\/div>\n\t\t\t\t<\/div>\n\t\t<div class=\"elementor-element elementor-element-52a00b68 e-flex e-con-boxed e-con e-parent\" data-id=\"52a00b68\" data-element_type=\"container\" data-e-type=\"container\">\n\t\t\t\t\t<div class=\"e-con-inner\">\n\t\t<div class=\"elementor-element elementor-element-27e9798a e-con-full e-flex e-con e-child\" data-id=\"27e9798a\" data-element_type=\"container\" data-e-type=\"container\">\n\t\t\t\t<div class=\"elementor-element elementor-element-1a2202ea elementor-widget elementor-widget-heading\" data-id=\"1a2202ea\" data-element_type=\"widget\" data-e-type=\"widget\" data-widget_type=\"heading.default\">\n\t\t\t\t<div class=\"elementor-widget-container\">\n\t\t\t\t\t<h2 class=\"elementor-heading-title elementor-size-default\">L\u2019analyse des d\u00e9penses <\/h2>\t\t\t\t<\/div>\n\t\t\t\t<\/div>\n\t\t\t\t<div class=\"elementor-element elementor-element-3e99c23b elementor-widget elementor-widget-text-editor\" data-id=\"3e99c23b\" data-element_type=\"widget\" data-e-type=\"widget\" data-widget_type=\"text-editor.default\">\n\t\t\t\t<div class=\"elementor-widget-container\">\n\t\t\t\t\t\t\t\t\t<p>Un module performant pour analyser et g\u00e9rer efficacement les d\u00e9penses de vos collaborateurs<\/p>\t\t\t\t\t\t\t\t<\/div>\n\t\t\t\t<\/div>\n\t\t\t\t<div class=\"elementor-element elementor-element-3865ae8 elementor-widget__width-initial elementor-widget elementor-widget-text-editor\" data-id=\"3865ae8\" data-element_type=\"widget\" data-e-type=\"widget\" data-widget_type=\"text-editor.default\">\n\t\t\t\t<div class=\"elementor-widget-container\">\n\t\t\t\t\t\t\t\t\t<p>Toutes les donn\u00e9es saisies dans le module notes de frais alimentent un cube d\u2019analyse qui vous permet de g\u00e9n\u00e9rer des rapports personnalis\u00e9s\u00a0:<\/p><ul><li>Analyse par nature de frais ;<\/li><li>Analyse par projets ou par centre de co\u00fbts ;<\/li><li>Analyse par salari\u00e9, par \u00e9quipe ou par \u00e9tablissement ;<\/li><li>Comparaison des d\u00e9penses individuelles d\u2019une p\u00e9riode et cumul\u00e9 sur 12 mois glissants par rapport \u00e0 la d\u00e9pense m\u00e9diane, moyenne ou \u00e9cart minimaxi.<\/li><\/ul>\t\t\t\t\t\t\t\t<\/div>\n\t\t\t\t<\/div>\n\t\t\t\t<div class=\"elementor-element elementor-element-7a6fde17 elementor-widget elementor-widget-spacer\" data-id=\"7a6fde17\" data-element_type=\"widget\" data-e-type=\"widget\" data-widget_type=\"spacer.default\">\n\t\t\t\t<div class=\"elementor-widget-container\">\n\t\t\t\t\t\t\t<div class=\"elementor-spacer\">\n\t\t\t<div class=\"elementor-spacer-inner\"><\/div>\n\t\t<\/div>\n\t\t\t\t\t\t<\/div>\n\t\t\t\t<\/div>\n\t\t\t\t<\/div>\n\t\t<div class=\"elementor-element elementor-element-5039802e e-con-full e-flex e-con e-child\" data-id=\"5039802e\" data-element_type=\"container\" data-e-type=\"container\">\n\t\t\t\t<div class=\"elementor-element elementor-element-1df74429 elementor-widget elementor-widget-image\" data-id=\"1df74429\" data-element_type=\"widget\" data-e-type=\"widget\" data-widget_type=\"image.default\">\n\t\t\t\t<div class=\"elementor-widget-container\">\n\t\t\t\t\t\t\t\t\t\t\t\t\t\t\t<img decoding=\"async\" width=\"1024\" height=\"492\" src=\"https:\/\/logindoc.info\/wordpress\/wp-content\/uploads\/2024\/03\/Lanalyse-des-depenses-1679358280-1024x492.png\" class=\"attachment-large size-large wp-image-16216\" alt=\"\" srcset=\"https:\/\/logindoc.info\/wordpress\/wp-content\/uploads\/2024\/03\/Lanalyse-des-depenses-1679358280-1024x492.png 1024w, https:\/\/logindoc.info\/wordpress\/wp-content\/uploads\/2024\/03\/Lanalyse-des-depenses-1679358280-300x144.png 300w, https:\/\/logindoc.info\/wordpress\/wp-content\/uploads\/2024\/03\/Lanalyse-des-depenses-1679358280-768x369.png 768w, https:\/\/logindoc.info\/wordpress\/wp-content\/uploads\/2024\/03\/Lanalyse-des-depenses-1679358280-1536x738.png 1536w, https:\/\/logindoc.info\/wordpress\/wp-content\/uploads\/2024\/03\/Lanalyse-des-depenses-1679358280-2048x984.png 2048w\" sizes=\"(max-width: 1024px) 100vw, 1024px\" \/>\t\t\t\t\t\t\t\t\t\t\t\t\t\t\t<\/div>\n\t\t\t\t<\/div>\n\t\t<div class=\"elementor-element elementor-element-499b1ae e-transform e-flex e-con-boxed e-con e-child\" data-id=\"499b1ae\" data-element_type=\"container\" data-e-type=\"container\" data-settings=\"{&quot;_transform_scale_effect&quot;:{&quot;unit&quot;:&quot;px&quot;,&quot;size&quot;:0.7,&quot;sizes&quot;:[]},&quot;_transform_scale_effect_laptop&quot;:{&quot;unit&quot;:&quot;px&quot;,&quot;size&quot;:&quot;&quot;,&quot;sizes&quot;:[]},&quot;_transform_scale_effect_tablet&quot;:{&quot;unit&quot;:&quot;px&quot;,&quot;size&quot;:&quot;&quot;,&quot;sizes&quot;:[]},&quot;_transform_scale_effect_mobile&quot;:{&quot;unit&quot;:&quot;px&quot;,&quot;size&quot;:&quot;&quot;,&quot;sizes&quot;:[]}}\">\n\t\t\t\t\t<div class=\"e-con-inner\">\n\t\t\t\t<div class=\"elementor-element elementor-element-33bb996d elementor-align-center elementor-widget elementor-widget-button\" data-id=\"33bb996d\" data-element_type=\"widget\" data-e-type=\"widget\" data-widget_type=\"button.default\">\n\t\t\t\t<div class=\"elementor-widget-container\">\n\t\t\t\t\t\t\t\t\t<div class=\"elementor-button-wrapper\">\n\t\t\t\t\t<a class=\"elementor-button elementor-button-link elementor-size-xs elementor-animation-grow\" href=\"https:\/\/logindoc.info\/wordpress\/elementor-15793\">\n\t\t\t\t\t\t<span class=\"elementor-button-content-wrapper\">\n\t\t\t\t\t\t\t\t\t<span class=\"elementor-button-text\">Demander une d\u00e9monstration<\/span>\n\t\t\t\t\t<\/span>\n\t\t\t\t\t<\/a>\n\t\t\t\t<\/div>\n\t\t\t\t\t\t\t\t<\/div>\n\t\t\t\t<\/div>\n\t\t\t\t\t<\/div>\n\t\t\t\t<\/div>\n\t\t\t\t<\/div>\n\t\t\t\t\t<\/div>\n\t\t\t\t<\/div>\n\t\t\t\t<\/div>\n\t\t","protected":false},"excerpt":{"rendered":"<p>Gestion des notes de frais Fini les erreurs de comptabilit\u00e9 et les re\u00e7us \u00e9gar\u00e9s, passez la gestion d\u00e9mat\u00e9rialis\u00e9e des notes de frais La gestion des notes de frais Simplifiez la gestion des notes de frais de vos collaborateurs gr\u00e2ce \u00e0 un outil simple et ergonomique Saisie de la note de frais : Le salari\u00e9 est [&hellip;]<\/p>\n","protected":false},"author":2,"featured_media":0,"parent":0,"menu_order":0,"comment_status":"closed","ping_status":"closed","template":"","meta":{"ocean_post_layout":"","ocean_both_sidebars_style":"","ocean_both_sidebars_content_width":0,"ocean_both_sidebars_sidebars_width":0,"ocean_sidebar":"","ocean_second_sidebar":"","ocean_disable_margins":"enable","ocean_add_body_class":"","ocean_shortcode_before_top_bar":"","ocean_shortcode_after_top_bar":"","ocean_shortcode_before_header":"","ocean_shortcode_after_header":"","ocean_has_shortcode":"","ocean_shortcode_after_title":"","ocean_shortcode_before_footer_widgets":"","ocean_shortcode_after_footer_widgets":"","ocean_shortcode_before_footer_bottom":"","ocean_shortcode_after_footer_bottom":"","ocean_display_top_bar":"default","ocean_display_header":"default","ocean_header_style":"","ocean_center_header_left_menu":"","ocean_custom_header_template":"","ocean_custom_logo":0,"ocean_custom_retina_logo":0,"ocean_custom_logo_max_width":0,"ocean_custom_logo_tablet_max_width":0,"ocean_custom_logo_mobile_max_width":0,"ocean_custom_logo_max_height":0,"ocean_custom_logo_tablet_max_height":0,"ocean_custom_logo_mobile_max_height":0,"ocean_header_custom_menu":"","ocean_menu_typo_font_family":"","ocean_menu_typo_font_subset":"","ocean_menu_typo_font_size":0,"ocean_menu_typo_font_size_tablet":0,"ocean_menu_typo_font_size_mobile":0,"ocean_menu_typo_font_size_unit":"px","ocean_menu_typo_font_weight":"","ocean_menu_typo_font_weight_tablet":"","ocean_menu_typo_font_weight_mobile":"","ocean_menu_typo_transform":"","ocean_menu_typo_transform_tablet":"","ocean_menu_typo_transform_mobile":"","ocean_menu_typo_line_height":0,"ocean_menu_typo_line_height_tablet":0,"ocean_menu_typo_line_height_mobile":0,"ocean_menu_typo_line_height_unit":"","ocean_menu_typo_spacing":0,"ocean_menu_typo_spacing_tablet":0,"ocean_menu_typo_spacing_mobile":0,"ocean_menu_typo_spacing_unit":"","ocean_menu_link_color":"","ocean_menu_link_color_hover":"","ocean_menu_link_color_active":"","ocean_menu_link_background":"","ocean_menu_link_hover_background":"","ocean_menu_link_active_background":"","ocean_menu_social_links_bg":"","ocean_menu_social_hover_links_bg":"","ocean_menu_social_links_color":"","ocean_menu_social_hover_links_color":"","ocean_disable_title":"default","ocean_disable_heading":"default","ocean_post_title":"","ocean_post_subheading":"","ocean_post_title_style":"","ocean_post_title_background_color":"","ocean_post_title_background":0,"ocean_post_title_bg_image_position":"","ocean_post_title_bg_image_attachment":"","ocean_post_title_bg_image_repeat":"","ocean_post_title_bg_image_size":"","ocean_post_title_height":0,"ocean_post_title_bg_overlay":0.5,"ocean_post_title_bg_overlay_color":"","ocean_disable_breadcrumbs":"default","ocean_breadcrumbs_color":"","ocean_breadcrumbs_separator_color":"","ocean_breadcrumbs_links_color":"","ocean_breadcrumbs_links_hover_color":"","ocean_display_footer_widgets":"default","ocean_display_footer_bottom":"default","ocean_custom_footer_template":"","iawp_total_views":11,"footnotes":""},"class_list":["post-12249","page","type-page","status-publish","hentry","entry"],"_links":{"self":[{"href":"https:\/\/logindoc.info\/wordpress\/wp-json\/wp\/v2\/pages\/12249","targetHints":{"allow":["GET"]}}],"collection":[{"href":"https:\/\/logindoc.info\/wordpress\/wp-json\/wp\/v2\/pages"}],"about":[{"href":"https:\/\/logindoc.info\/wordpress\/wp-json\/wp\/v2\/types\/page"}],"author":[{"embeddable":true,"href":"https:\/\/logindoc.info\/wordpress\/wp-json\/wp\/v2\/users\/2"}],"replies":[{"embeddable":true,"href":"https:\/\/logindoc.info\/wordpress\/wp-json\/wp\/v2\/comments?post=12249"}],"version-history":[{"count":43,"href":"https:\/\/logindoc.info\/wordpress\/wp-json\/wp\/v2\/pages\/12249\/revisions"}],"predecessor-version":[{"id":16244,"href":"https:\/\/logindoc.info\/wordpress\/wp-json\/wp\/v2\/pages\/12249\/revisions\/16244"}],"wp:attachment":[{"href":"https:\/\/logindoc.info\/wordpress\/wp-json\/wp\/v2\/media?parent=12249"}],"curies":[{"name":"wp","href":"https:\/\/api.w.org\/{rel}","templated":true}]}}