{"id":12243,"date":"2024-06-10T14:49:03","date_gmt":"2024-06-10T12:49:03","guid":{"rendered":"https:\/\/logindoc.info\/wordpress\/?page_id=12243"},"modified":"2024-06-10T14:49:03","modified_gmt":"2024-06-10T12:49:03","slug":"gestion-des-partenaires-sociaux","status":"publish","type":"page","link":"https:\/\/logindoc.info\/wordpress\/gestion-des-partenaires-sociaux\/","title":{"rendered":"Gestion des partenaires sociaux"},"content":{"rendered":"\t\t<div data-elementor-type=\"wp-page\" data-elementor-id=\"12243\" class=\"elementor elementor-12243\">\n\t\t\t\t<div class=\"elementor-element elementor-element-6838a13 e-flex e-con-boxed e-con e-parent\" data-id=\"6838a13\" data-element_type=\"container\" data-e-type=\"container\">\n\t\t\t\t\t<div class=\"e-con-inner\">\n\t\t\t\t<div class=\"elementor-element elementor-element-a6ea857 elementor-widget elementor-widget-spacer\" data-id=\"a6ea857\" data-element_type=\"widget\" data-e-type=\"widget\" data-widget_type=\"spacer.default\">\n\t\t\t\t<div class=\"elementor-widget-container\">\n\t\t\t\t\t\t\t<div class=\"elementor-spacer\">\n\t\t\t<div class=\"elementor-spacer-inner\"><\/div>\n\t\t<\/div>\n\t\t\t\t\t\t<\/div>\n\t\t\t\t<\/div>\n\t\t\t\t\t<\/div>\n\t\t\t\t<\/div>\n\t\t<div class=\"elementor-element elementor-element-61c10263 e-flex e-con-boxed e-con e-parent\" data-id=\"61c10263\" data-element_type=\"container\" data-e-type=\"container\" data-settings=\"{&quot;background_background&quot;:&quot;classic&quot;}\">\n\t\t\t\t\t<div class=\"e-con-inner\">\n\t\t\t\t<div class=\"elementor-element elementor-element-5d947306 elementor-widget__width-inherit elementor-widget elementor-widget-heading\" data-id=\"5d947306\" data-element_type=\"widget\" data-e-type=\"widget\" data-widget_type=\"heading.default\">\n\t\t\t\t<div class=\"elementor-widget-container\">\n\t\t\t\t\t<h2 class=\"elementor-heading-title elementor-size-default\">GESTION DES PARTENAIRES SOCIAUX<\/h2>\t\t\t\t<\/div>\n\t\t\t\t<\/div>\n\t\t\t\t\t<\/div>\n\t\t\t\t<\/div>\n\t\t<div class=\"elementor-element elementor-element-5cc643a1 e-con-full e-flex e-con e-parent\" data-id=\"5cc643a1\" data-element_type=\"container\" data-e-type=\"container\">\n\t\t<div class=\"elementor-element elementor-element-bc1baa0 e-con-full e-flex e-con e-child\" data-id=\"bc1baa0\" data-element_type=\"container\" data-e-type=\"container\">\n\t\t\t\t<div class=\"elementor-element elementor-element-45e0b03b elementor-widget__width-inherit elementor-widget elementor-widget-text-editor\" data-id=\"45e0b03b\" data-element_type=\"widget\" data-e-type=\"widget\" data-widget_type=\"text-editor.default\">\n\t\t\t\t<div class=\"elementor-widget-container\">\n\t\t\t\t\t\t\t\t\t<p>Encadrez et facilitez la gestion du dialogue social au sein de votre entreprise<\/p>\t\t\t\t\t\t\t\t<\/div>\n\t\t\t\t<\/div>\n\t\t\t\t<\/div>\n\t\t\t\t<\/div>\n\t\t<div class=\"elementor-element elementor-element-61c0de0 e-flex e-con-boxed e-con e-parent\" data-id=\"61c0de0\" data-element_type=\"container\" data-e-type=\"container\">\n\t\t\t\t\t<div class=\"e-con-inner\">\n\t\t\t\t<div class=\"elementor-element elementor-element-eef73bf elementor-widget elementor-widget-spacer\" data-id=\"eef73bf\" data-element_type=\"widget\" data-e-type=\"widget\" data-widget_type=\"spacer.default\">\n\t\t\t\t<div class=\"elementor-widget-container\">\n\t\t\t\t\t\t\t<div class=\"elementor-spacer\">\n\t\t\t<div class=\"elementor-spacer-inner\"><\/div>\n\t\t<\/div>\n\t\t\t\t\t\t<\/div>\n\t\t\t\t<\/div>\n\t\t\t\t\t<\/div>\n\t\t\t\t<\/div>\n\t\t<div class=\"elementor-element elementor-element-2c9a9bb e-flex e-con-boxed e-con e-parent\" data-id=\"2c9a9bb\" data-element_type=\"container\" data-e-type=\"container\">\n\t\t\t\t\t<div class=\"e-con-inner\">\n\t\t<div class=\"elementor-element elementor-element-2d115b3d e-con-full e-flex e-con e-child\" data-id=\"2d115b3d\" data-element_type=\"container\" data-e-type=\"container\">\n\t\t\t\t<div class=\"elementor-element elementor-element-52191149 elementor-widget elementor-widget-heading\" data-id=\"52191149\" data-element_type=\"widget\" data-e-type=\"widget\" data-widget_type=\"heading.default\">\n\t\t\t\t<div class=\"elementor-widget-container\">\n\t\t\t\t\t<h2 class=\"elementor-heading-title elementor-size-default\">La gestion des mandats<\/h2>\t\t\t\t<\/div>\n\t\t\t\t<\/div>\n\t\t\t\t<div class=\"elementor-element elementor-element-65c84f81 elementor-widget elementor-widget-text-editor\" data-id=\"65c84f81\" data-element_type=\"widget\" data-e-type=\"widget\" data-widget_type=\"text-editor.default\">\n\t\t\t\t<div class=\"elementor-widget-container\">\n\t\t\t\t\t\t\t\t\t<p>G\u00e9rez les mandats et heures de d\u00e9l\u00e9gations de vos partenaires sociaux en toute simplicit\u00e9<\/p>\t\t\t\t\t\t\t\t<\/div>\n\t\t\t\t<\/div>\n\t\t\t\t<div class=\"elementor-element elementor-element-70c0bb53 elementor-widget__width-initial elementor-widget-tablet__width-initial elementor-widget elementor-widget-text-editor\" data-id=\"70c0bb53\" data-element_type=\"widget\" data-e-type=\"widget\" data-widget_type=\"text-editor.default\">\n\t\t\t\t<div class=\"elementor-widget-container\">\n\t\t\t\t\t\t\t\t\t<ul><li>Membres ou suppl\u00e9ants du CSE, D\u00e9l\u00e9gu\u00e9s Syndicaux, Conseillers prud\u2019homaux : d\u00e9finition des r\u00f4les de chaque repr\u00e9sentant du personnel avec les heures de d\u00e9l\u00e9gation correspondantes ;<\/li><li>Attribution d\u2019un compteur d\u2019heures de d\u00e9l\u00e9gation \u00e0 chaque repr\u00e9sentant selon son r\u00f4le ;<\/li><li>D\u00e9claration autonome des IRP de leurs consommations d&#8217;heures de d\u00e9l\u00e9gation ;<\/li><li>Information des managers en amont des indisponibilit\u00e9s de leurs collaborateurs ;<\/li><li>Calcul du maintien de la r\u00e9mun\u00e9ration variable pour les salari\u00e9s concern\u00e9s ;<\/li><li>Gestion des donations d\u2019heures de d\u00e9l\u00e9gation entre partenaires sociaux ;<\/li><\/ul><p>Param\u00e9trable selon vos mandats et vos accords, le fonctionnement de notre module \u00ab\u00a0heures de d\u00e9l\u00e9gation\u00a0\u00bb s\u2019adapte \u00e0 tous les cas de figure<\/p>\t\t\t\t\t\t\t\t<\/div>\n\t\t\t\t<\/div>\n\t\t\t\t<\/div>\n\t\t<div class=\"elementor-element elementor-element-5dfaef2 e-con-full e-flex e-con e-child\" data-id=\"5dfaef2\" data-element_type=\"container\" data-e-type=\"container\">\n\t\t\t\t<div class=\"elementor-element elementor-element-1568ef1 elementor-widget elementor-widget-image\" data-id=\"1568ef1\" data-element_type=\"widget\" data-e-type=\"widget\" data-widget_type=\"image.default\">\n\t\t\t\t<div class=\"elementor-widget-container\">\n\t\t\t\t\t\t\t\t\t\t\t\t\t\t\t<img fetchpriority=\"high\" decoding=\"async\" width=\"1024\" height=\"699\" src=\"https:\/\/logindoc.info\/wordpress\/wp-content\/uploads\/2024\/02\/La-gestion-des-mandats-2186554007-1-1024x699.png\" class=\"attachment-large size-large wp-image-15904\" alt=\"\" srcset=\"https:\/\/logindoc.info\/wordpress\/wp-content\/uploads\/2024\/02\/La-gestion-des-mandats-2186554007-1-1024x699.png 1024w, https:\/\/logindoc.info\/wordpress\/wp-content\/uploads\/2024\/02\/La-gestion-des-mandats-2186554007-1-300x205.png 300w, https:\/\/logindoc.info\/wordpress\/wp-content\/uploads\/2024\/02\/La-gestion-des-mandats-2186554007-1-768x524.png 768w, https:\/\/logindoc.info\/wordpress\/wp-content\/uploads\/2024\/02\/La-gestion-des-mandats-2186554007-1-1536x1049.png 1536w, https:\/\/logindoc.info\/wordpress\/wp-content\/uploads\/2024\/02\/La-gestion-des-mandats-2186554007-1-2048x1398.png 2048w\" sizes=\"(max-width: 1024px) 100vw, 1024px\" \/>\t\t\t\t\t\t\t\t\t\t\t\t\t\t\t<\/div>\n\t\t\t\t<\/div>\n\t\t<div class=\"elementor-element elementor-element-24149356 e-transform e-flex e-con-boxed e-con e-child\" data-id=\"24149356\" data-element_type=\"container\" data-e-type=\"container\" data-settings=\"{&quot;_transform_scale_effect&quot;:{&quot;unit&quot;:&quot;px&quot;,&quot;size&quot;:0.7,&quot;sizes&quot;:[]},&quot;_transform_scale_effect_laptop&quot;:{&quot;unit&quot;:&quot;px&quot;,&quot;size&quot;:&quot;&quot;,&quot;sizes&quot;:[]},&quot;_transform_scale_effect_tablet&quot;:{&quot;unit&quot;:&quot;px&quot;,&quot;size&quot;:&quot;&quot;,&quot;sizes&quot;:[]},&quot;_transform_scale_effect_mobile&quot;:{&quot;unit&quot;:&quot;px&quot;,&quot;size&quot;:&quot;&quot;,&quot;sizes&quot;:[]}}\">\n\t\t\t\t\t<div class=\"e-con-inner\">\n\t\t\t\t<div class=\"elementor-element elementor-element-24c04c14 elementor-align-center elementor-widget elementor-widget-button\" data-id=\"24c04c14\" data-element_type=\"widget\" data-e-type=\"widget\" data-widget_type=\"button.default\">\n\t\t\t\t<div class=\"elementor-widget-container\">\n\t\t\t\t\t\t\t\t\t<div class=\"elementor-button-wrapper\">\n\t\t\t\t\t<a class=\"elementor-button elementor-button-link elementor-size-xs elementor-animation-grow\" href=\"https:\/\/logindoc.info\/wordpress\/elementor-15793\">\n\t\t\t\t\t\t<span class=\"elementor-button-content-wrapper\">\n\t\t\t\t\t\t\t\t\t<span class=\"elementor-button-text\">Demander une d\u00e9monstration<\/span>\n\t\t\t\t\t<\/span>\n\t\t\t\t\t<\/a>\n\t\t\t\t<\/div>\n\t\t\t\t\t\t\t\t<\/div>\n\t\t\t\t<\/div>\n\t\t\t\t<div class=\"elementor-element elementor-element-12376534 elementor-widget elementor-widget-spacer\" data-id=\"12376534\" data-element_type=\"widget\" data-e-type=\"widget\" data-widget_type=\"spacer.default\">\n\t\t\t\t<div class=\"elementor-widget-container\">\n\t\t\t\t\t\t\t<div class=\"elementor-spacer\">\n\t\t\t<div class=\"elementor-spacer-inner\"><\/div>\n\t\t<\/div>\n\t\t\t\t\t\t<\/div>\n\t\t\t\t<\/div>\n\t\t\t\t\t<\/div>\n\t\t\t\t<\/div>\n\t\t\t\t<\/div>\n\t\t\t\t\t<\/div>\n\t\t\t\t<\/div>\n\t\t<div class=\"elementor-element elementor-element-4a6a8b0 e-flex e-con-boxed e-con e-parent\" data-id=\"4a6a8b0\" data-element_type=\"container\" data-e-type=\"container\">\n\t\t\t\t\t<div class=\"e-con-inner\">\n\t\t<div class=\"elementor-element elementor-element-4b741b1 e-con-full e-flex e-con e-child\" data-id=\"4b741b1\" data-element_type=\"container\" data-e-type=\"container\">\n\t\t\t\t<div class=\"elementor-element elementor-element-4979cb4 elementor-widget elementor-widget-image\" data-id=\"4979cb4\" data-element_type=\"widget\" data-e-type=\"widget\" data-widget_type=\"image.default\">\n\t\t\t\t<div class=\"elementor-widget-container\">\n\t\t\t\t\t\t\t\t\t\t\t\t\t\t\t<img decoding=\"async\" width=\"1024\" height=\"497\" src=\"https:\/\/logindoc.info\/wordpress\/wp-content\/uploads\/2024\/02\/La-gestion-des-reunions-1789482743-1024x497.png\" class=\"attachment-large size-large wp-image-15902\" alt=\"\" srcset=\"https:\/\/logindoc.info\/wordpress\/wp-content\/uploads\/2024\/02\/La-gestion-des-reunions-1789482743-1024x497.png 1024w, https:\/\/logindoc.info\/wordpress\/wp-content\/uploads\/2024\/02\/La-gestion-des-reunions-1789482743-300x146.png 300w, https:\/\/logindoc.info\/wordpress\/wp-content\/uploads\/2024\/02\/La-gestion-des-reunions-1789482743-768x372.png 768w, https:\/\/logindoc.info\/wordpress\/wp-content\/uploads\/2024\/02\/La-gestion-des-reunions-1789482743-1536x745.png 1536w, https:\/\/logindoc.info\/wordpress\/wp-content\/uploads\/2024\/02\/La-gestion-des-reunions-1789482743-2048x993.png 2048w\" sizes=\"(max-width: 1024px) 100vw, 1024px\" \/>\t\t\t\t\t\t\t\t\t\t\t\t\t\t\t<\/div>\n\t\t\t\t<\/div>\n\t\t<div class=\"elementor-element elementor-element-f4bbf3f e-transform e-flex e-con-boxed e-con e-child\" data-id=\"f4bbf3f\" data-element_type=\"container\" data-e-type=\"container\" data-settings=\"{&quot;_transform_scale_effect&quot;:{&quot;unit&quot;:&quot;px&quot;,&quot;size&quot;:0.7,&quot;sizes&quot;:[]},&quot;_transform_scale_effect_laptop&quot;:{&quot;unit&quot;:&quot;px&quot;,&quot;size&quot;:&quot;&quot;,&quot;sizes&quot;:[]},&quot;_transform_scale_effect_tablet&quot;:{&quot;unit&quot;:&quot;px&quot;,&quot;size&quot;:&quot;&quot;,&quot;sizes&quot;:[]},&quot;_transform_scale_effect_mobile&quot;:{&quot;unit&quot;:&quot;px&quot;,&quot;size&quot;:&quot;&quot;,&quot;sizes&quot;:[]}}\">\n\t\t\t\t\t<div class=\"e-con-inner\">\n\t\t\t\t<div class=\"elementor-element elementor-element-4a300a0 elementor-align-center elementor-widget elementor-widget-button\" data-id=\"4a300a0\" data-element_type=\"widget\" data-e-type=\"widget\" data-widget_type=\"button.default\">\n\t\t\t\t<div class=\"elementor-widget-container\">\n\t\t\t\t\t\t\t\t\t<div class=\"elementor-button-wrapper\">\n\t\t\t\t\t<a class=\"elementor-button elementor-button-link elementor-size-xs elementor-animation-grow\" href=\"https:\/\/logindoc.info\/wordpress\/elementor-15793\">\n\t\t\t\t\t\t<span class=\"elementor-button-content-wrapper\">\n\t\t\t\t\t\t\t\t\t<span class=\"elementor-button-text\">Demander une d\u00e9monstration<\/span>\n\t\t\t\t\t<\/span>\n\t\t\t\t\t<\/a>\n\t\t\t\t<\/div>\n\t\t\t\t\t\t\t\t<\/div>\n\t\t\t\t<\/div>\n\t\t\t\t\t<\/div>\n\t\t\t\t<\/div>\n\t\t\t\t<\/div>\n\t\t<div class=\"elementor-element elementor-element-0607660 e-con-full e-flex e-con e-child\" data-id=\"0607660\" data-element_type=\"container\" data-e-type=\"container\">\n\t\t\t\t<div class=\"elementor-element elementor-element-22c04b6 elementor-widget elementor-widget-heading\" data-id=\"22c04b6\" data-element_type=\"widget\" data-e-type=\"widget\" data-widget_type=\"heading.default\">\n\t\t\t\t<div class=\"elementor-widget-container\">\n\t\t\t\t\t<h2 class=\"elementor-heading-title elementor-size-default\">La gestion des r\u00e9unions<\/h2>\t\t\t\t<\/div>\n\t\t\t\t<\/div>\n\t\t\t\t<div class=\"elementor-element elementor-element-6937012 elementor-widget elementor-widget-text-editor\" data-id=\"6937012\" data-element_type=\"widget\" data-e-type=\"widget\" data-widget_type=\"text-editor.default\">\n\t\t\t\t<div class=\"elementor-widget-container\">\n\t\t\t\t\t\t\t\t\t<p>Facilitez la programmation et l\u2019organisation de vos r\u00e9unions avec les partenaires sociaux<\/p>\t\t\t\t\t\t\t\t<\/div>\n\t\t\t\t<\/div>\n\t\t\t\t<div class=\"elementor-element elementor-element-4c34546 elementor-widget__width-initial elementor-widget-laptop__width-initial elementor-widget-tablet__width-initial elementor-widget elementor-widget-text-editor\" data-id=\"4c34546\" data-element_type=\"widget\" data-e-type=\"widget\" data-widget_type=\"text-editor.default\">\n\t\t\t\t<div class=\"elementor-widget-container\">\n\t\t\t\t\t\t\t\t\t<ul><li>Planification des r\u00e9unions : dates, objets, type de r\u00e9union ;<\/li><li>S\u00e9lection automatique des participants \u00e0 la r\u00e9union selon les mandats ;<\/li><li>Envoi des invitations individuelles \u00e0 chacun des repr\u00e9sentants ;<\/li><li>Demande de confirmation de participation avec possibilit\u00e9 de d\u00e9l\u00e9guer la r\u00e9union \u00e0 un suppl\u00e9ant selon les possibilit\u00e9s<br \/>l\u00e9gales ;<\/li><li>Confirmation du temps pass\u00e9 en r\u00e9union par l\u2019organisateur et du temps de trajet par les participants ;<\/li><li>Gestion des heures suppl\u00e9mentaires de pr\u00e9sence en r\u00e9union via le module de d\u00e9claration des temps ;<\/li><li>\u00c9dition de la feuille de pr\u00e9sence automatis\u00e9e et mise \u00e0 jour du planning des salari\u00e9s ;<\/li><li>Publication et mise \u00e0 disposition des personnes autoris\u00e9es des PV de r\u00e9union.<\/li><\/ul>\t\t\t\t\t\t\t\t<\/div>\n\t\t\t\t<\/div>\n\t\t\t\t<\/div>\n\t\t\t\t\t<\/div>\n\t\t\t\t<\/div>\n\t\t<div class=\"elementor-element elementor-element-6db08bd e-flex e-con-boxed e-con e-parent\" data-id=\"6db08bd\" data-element_type=\"container\" data-e-type=\"container\">\n\t\t\t\t\t<div class=\"e-con-inner\">\n\t\t\t\t<div class=\"elementor-element elementor-element-dfaf8b5 elementor-widget elementor-widget-spacer\" data-id=\"dfaf8b5\" data-element_type=\"widget\" data-e-type=\"widget\" data-widget_type=\"spacer.default\">\n\t\t\t\t<div class=\"elementor-widget-container\">\n\t\t\t\t\t\t\t<div class=\"elementor-spacer\">\n\t\t\t<div class=\"elementor-spacer-inner\"><\/div>\n\t\t<\/div>\n\t\t\t\t\t\t<\/div>\n\t\t\t\t<\/div>\n\t\t\t\t\t<\/div>\n\t\t\t\t<\/div>\n\t\t<div class=\"elementor-element elementor-element-1308e244 e-flex e-con-boxed e-con e-parent\" data-id=\"1308e244\" data-element_type=\"container\" data-e-type=\"container\">\n\t\t\t\t\t<div class=\"e-con-inner\">\n\t\t<div class=\"elementor-element elementor-element-192df883 e-con-full e-flex e-con e-child\" data-id=\"192df883\" data-element_type=\"container\" data-e-type=\"container\">\n\t\t\t\t<div class=\"elementor-element elementor-element-22b54285 elementor-widget elementor-widget-heading\" data-id=\"22b54285\" data-element_type=\"widget\" data-e-type=\"widget\" data-widget_type=\"heading.default\">\n\t\t\t\t<div class=\"elementor-widget-container\">\n\t\t\t\t\t<h2 class=\"elementor-heading-title elementor-size-default\">La base de donn\u00e9es \u00e9conomique, sociale et environnementale (bdese)<\/h2>\t\t\t\t<\/div>\n\t\t\t\t<\/div>\n\t\t\t\t<div class=\"elementor-element elementor-element-a5cfc45 elementor-widget elementor-widget-text-editor\" data-id=\"a5cfc45\" data-element_type=\"widget\" data-e-type=\"widget\" data-widget_type=\"text-editor.default\">\n\t\t\t\t<div class=\"elementor-widget-container\">\n\t\t\t\t\t\t\t\t\t<p>Comment simplifier la gestion de votre BDESE gr\u00e2ce \u00e0 un SIRH ?<\/p>\t\t\t\t\t\t\t\t<\/div>\n\t\t\t\t<\/div>\n\t\t\t\t<div class=\"elementor-element elementor-element-528ad451 elementor-widget__width-initial elementor-widget elementor-widget-text-editor\" data-id=\"528ad451\" data-element_type=\"widget\" data-e-type=\"widget\" data-widget_type=\"text-editor.default\">\n\t\t\t\t<div class=\"elementor-widget-container\">\n\t\t\t\t\t\t\t\t\t<p>La gestion d\u00e9mat\u00e9rialis\u00e9e de la BDESE g\u00e9n\u00e8re un vrai grain de temps \u00e0 vos \u00e9quipes RH, garanti la conformit\u00e9 l\u00e9gale et la s\u00e9curit\u00e9 d\u2019acc\u00e8s \u00e0 des donn\u00e9es strat\u00e9giques sensibles gr\u00e2ce \u00e0 :<\/p><ul><li>L\u2019automatisation du calcul de la plupart des indicateurs RH gr\u00e2ce aux donn\u00e9es int\u00e9gr\u00e9es dans le syst\u00e8me qui permet aux \u00e9quipes RH de se concentrer sur les autres points de la BDESE ;<\/li><li>La gestion des droits de publication des contributeurs, action d\u2019un mod\u00e9rateur avant publication ;<\/li><li>L\u2019envoi d\u2019alerte automatis\u00e9e des lecteurs IRP de la BDESE selon leurs mandats ;<\/li><li>L\u2019acc\u00e8s simplifi\u00e9 des documents obligatoires aux salari\u00e9s concern\u00e9s gr\u00e2ce \u00e0 la gestion des mandats ;<\/li><li>L\u2019arborescence des dossiers selon les dispositions l\u00e9gales en vigueur et possibilit\u00e9 d\u2019ajouter des dossiers.<\/li><\/ul>\t\t\t\t\t\t\t\t<\/div>\n\t\t\t\t<\/div>\n\t\t\t\t<\/div>\n\t\t<div class=\"elementor-element elementor-element-5ffcd5f e-con-full e-flex e-con e-child\" data-id=\"5ffcd5f\" data-element_type=\"container\" data-e-type=\"container\">\n\t\t\t\t<div class=\"elementor-element elementor-element-3b461d0f elementor-widget elementor-widget-image\" data-id=\"3b461d0f\" data-element_type=\"widget\" data-e-type=\"widget\" data-widget_type=\"image.default\">\n\t\t\t\t<div class=\"elementor-widget-container\">\n\t\t\t\t\t\t\t\t\t\t\t\t\t\t\t<img decoding=\"async\" width=\"1024\" height=\"444\" src=\"https:\/\/logindoc.info\/wordpress\/wp-content\/uploads\/2024\/02\/L-a-base-de-donnees-economique-et-environnementale-BDESE-2311443735-3-1024x444.png\" class=\"attachment-large size-large wp-image-15943\" alt=\"\" srcset=\"https:\/\/logindoc.info\/wordpress\/wp-content\/uploads\/2024\/02\/L-a-base-de-donnees-economique-et-environnementale-BDESE-2311443735-3-1024x444.png 1024w, https:\/\/logindoc.info\/wordpress\/wp-content\/uploads\/2024\/02\/L-a-base-de-donnees-economique-et-environnementale-BDESE-2311443735-3-300x130.png 300w, https:\/\/logindoc.info\/wordpress\/wp-content\/uploads\/2024\/02\/L-a-base-de-donnees-economique-et-environnementale-BDESE-2311443735-3-768x333.png 768w, https:\/\/logindoc.info\/wordpress\/wp-content\/uploads\/2024\/02\/L-a-base-de-donnees-economique-et-environnementale-BDESE-2311443735-3-1536x666.png 1536w, https:\/\/logindoc.info\/wordpress\/wp-content\/uploads\/2024\/02\/L-a-base-de-donnees-economique-et-environnementale-BDESE-2311443735-3-2048x888.png 2048w\" sizes=\"(max-width: 1024px) 100vw, 1024px\" \/>\t\t\t\t\t\t\t\t\t\t\t\t\t\t\t<\/div>\n\t\t\t\t<\/div>\n\t\t<div class=\"elementor-element elementor-element-3b3fd4d1 e-transform e-flex e-con-boxed e-con e-child\" data-id=\"3b3fd4d1\" data-element_type=\"container\" data-e-type=\"container\" data-settings=\"{&quot;_transform_scale_effect&quot;:{&quot;unit&quot;:&quot;px&quot;,&quot;size&quot;:0.7,&quot;sizes&quot;:[]},&quot;_transform_scale_effect_laptop&quot;:{&quot;unit&quot;:&quot;px&quot;,&quot;size&quot;:&quot;&quot;,&quot;sizes&quot;:[]},&quot;_transform_scale_effect_tablet&quot;:{&quot;unit&quot;:&quot;px&quot;,&quot;size&quot;:&quot;&quot;,&quot;sizes&quot;:[]},&quot;_transform_scale_effect_mobile&quot;:{&quot;unit&quot;:&quot;px&quot;,&quot;size&quot;:&quot;&quot;,&quot;sizes&quot;:[]}}\">\n\t\t\t\t\t<div class=\"e-con-inner\">\n\t\t\t\t<div class=\"elementor-element elementor-element-38b72a61 elementor-align-center elementor-widget elementor-widget-button\" data-id=\"38b72a61\" data-element_type=\"widget\" data-e-type=\"widget\" data-widget_type=\"button.default\">\n\t\t\t\t<div class=\"elementor-widget-container\">\n\t\t\t\t\t\t\t\t\t<div class=\"elementor-button-wrapper\">\n\t\t\t\t\t<a class=\"elementor-button elementor-button-link elementor-size-xs elementor-animation-grow\" href=\"https:\/\/logindoc.info\/wordpress\/elementor-15793\">\n\t\t\t\t\t\t<span class=\"elementor-button-content-wrapper\">\n\t\t\t\t\t\t\t\t\t<span class=\"elementor-button-text\">Demander une d\u00e9monstration<\/span>\n\t\t\t\t\t<\/span>\n\t\t\t\t\t<\/a>\n\t\t\t\t<\/div>\n\t\t\t\t\t\t\t\t<\/div>\n\t\t\t\t<\/div>\n\t\t\t\t\t<\/div>\n\t\t\t\t<\/div>\n\t\t\t\t<\/div>\n\t\t\t\t\t<\/div>\n\t\t\t\t<\/div>\n\t\t\t\t<\/div>\n\t\t","protected":false},"excerpt":{"rendered":"<p>GESTION DES PARTENAIRES SOCIAUX Encadrez et facilitez la gestion du dialogue social au sein de votre entreprise La gestion des mandats G\u00e9rez les mandats et heures de d\u00e9l\u00e9gations de vos partenaires sociaux en toute simplicit\u00e9 Membres ou suppl\u00e9ants du CSE, D\u00e9l\u00e9gu\u00e9s Syndicaux, Conseillers prud\u2019homaux : d\u00e9finition des r\u00f4les de chaque repr\u00e9sentant du personnel avec les [&hellip;]<\/p>\n","protected":false},"author":2,"featured_media":0,"parent":0,"menu_order":0,"comment_status":"closed","ping_status":"closed","template":"","meta":{"ocean_post_layout":"","ocean_both_sidebars_style":"","ocean_both_sidebars_content_width":0,"ocean_both_sidebars_sidebars_width":0,"ocean_sidebar":"","ocean_second_sidebar":"","ocean_disable_margins":"enable","ocean_add_body_class":"","ocean_shortcode_before_top_bar":"","ocean_shortcode_after_top_bar":"","ocean_shortcode_before_header":"","ocean_shortcode_after_header":"","ocean_has_shortcode":"","ocean_shortcode_after_title":"","ocean_shortcode_before_footer_widgets":"","ocean_shortcode_after_footer_widgets":"","ocean_shortcode_before_footer_bottom":"","ocean_shortcode_after_footer_bottom":"","ocean_display_top_bar":"default","ocean_display_header":"default","ocean_header_style":"","ocean_center_header_left_menu":"","ocean_custom_header_template":"","ocean_custom_logo":0,"ocean_custom_retina_logo":0,"ocean_custom_logo_max_width":0,"ocean_custom_logo_tablet_max_width":0,"ocean_custom_logo_mobile_max_width":0,"ocean_custom_logo_max_height":0,"ocean_custom_logo_tablet_max_height":0,"ocean_custom_logo_mobile_max_height":0,"ocean_header_custom_menu":"","ocean_menu_typo_font_family":"","ocean_menu_typo_font_subset":"","ocean_menu_typo_font_size":0,"ocean_menu_typo_font_size_tablet":0,"ocean_menu_typo_font_size_mobile":0,"ocean_menu_typo_font_size_unit":"px","ocean_menu_typo_font_weight":"","ocean_menu_typo_font_weight_tablet":"","ocean_menu_typo_font_weight_mobile":"","ocean_menu_typo_transform":"","ocean_menu_typo_transform_tablet":"","ocean_menu_typo_transform_mobile":"","ocean_menu_typo_line_height":0,"ocean_menu_typo_line_height_tablet":0,"ocean_menu_typo_line_height_mobile":0,"ocean_menu_typo_line_height_unit":"","ocean_menu_typo_spacing":0,"ocean_menu_typo_spacing_tablet":0,"ocean_menu_typo_spacing_mobile":0,"ocean_menu_typo_spacing_unit":"","ocean_menu_link_color":"","ocean_menu_link_color_hover":"","ocean_menu_link_color_active":"","ocean_menu_link_background":"","ocean_menu_link_hover_background":"","ocean_menu_link_active_background":"","ocean_menu_social_links_bg":"","ocean_menu_social_hover_links_bg":"","ocean_menu_social_links_color":"","ocean_menu_social_hover_links_color":"","ocean_disable_title":"default","ocean_disable_heading":"default","ocean_post_title":"","ocean_post_subheading":"","ocean_post_title_style":"","ocean_post_title_background_color":"","ocean_post_title_background":0,"ocean_post_title_bg_image_position":"","ocean_post_title_bg_image_attachment":"","ocean_post_title_bg_image_repeat":"","ocean_post_title_bg_image_size":"","ocean_post_title_height":0,"ocean_post_title_bg_overlay":0.5,"ocean_post_title_bg_overlay_color":"","ocean_disable_breadcrumbs":"default","ocean_breadcrumbs_color":"","ocean_breadcrumbs_separator_color":"","ocean_breadcrumbs_links_color":"","ocean_breadcrumbs_links_hover_color":"","ocean_display_footer_widgets":"default","ocean_display_footer_bottom":"default","ocean_custom_footer_template":"","iawp_total_views":18,"footnotes":""},"class_list":["post-12243","page","type-page","status-publish","hentry","entry"],"_links":{"self":[{"href":"https:\/\/logindoc.info\/wordpress\/wp-json\/wp\/v2\/pages\/12243","targetHints":{"allow":["GET"]}}],"collection":[{"href":"https:\/\/logindoc.info\/wordpress\/wp-json\/wp\/v2\/pages"}],"about":[{"href":"https:\/\/logindoc.info\/wordpress\/wp-json\/wp\/v2\/types\/page"}],"author":[{"embeddable":true,"href":"https:\/\/logindoc.info\/wordpress\/wp-json\/wp\/v2\/users\/2"}],"replies":[{"embeddable":true,"href":"https:\/\/logindoc.info\/wordpress\/wp-json\/wp\/v2\/comments?post=12243"}],"version-history":[{"count":79,"href":"https:\/\/logindoc.info\/wordpress\/wp-json\/wp\/v2\/pages\/12243\/revisions"}],"predecessor-version":[{"id":15997,"href":"https:\/\/logindoc.info\/wordpress\/wp-json\/wp\/v2\/pages\/12243\/revisions\/15997"}],"wp:attachment":[{"href":"https:\/\/logindoc.info\/wordpress\/wp-json\/wp\/v2\/media?parent=12243"}],"curies":[{"name":"wp","href":"https:\/\/api.w.org\/{rel}","templated":true}]}}